{"id":3578,"date":"2020-02-03T11:07:28","date_gmt":"2020-02-03T11:07:28","guid":{"rendered":"http:\/\/grupoazulae.com\/?page_id=3578"},"modified":"2020-02-10T10:58:04","modified_gmt":"2020-02-10T10:58:04","slug":"legal-notice","status":"publish","type":"page","link":"https:\/\/grupoazulae.com\/en\/legal-notice\/","title":{"rendered":"Legal Notice"},"content":{"rendered":"<article id=\"post-3187\" class=\"post-3187 page type-page status-publish hentry\">\n<div class=\"entry-content blog_postcontent\">\n<div id=\"clickdatos\">\n<p>This Legal Notice regulates the general conditions of access and use of the website accessible at the URL https:\/\/grupoazulae.com (hereinafter, the website), which Azulae SL makes available to Internet users.<br \/>\nUse of this website implies full and unreserved acceptance of each and every one of the provisions included in this Legal Notice. Consequently, website users should carefully read this Legal Notice each time they intend to use the website, as the text may be modified at the discretion of the website owner, or due to changes in legislation, case law, or business practices.<\/p>\n<h2>1.- WEBSITE OWNERSHIP.<\/h2>\n<p>Name of the holder: Eugenio S\u00e1nchez Garc\u00eda<br \/>\nRegistered office: Avenida Ricardo Carapeto Zambrano n\u00ba 130<br \/>\nPopulation: Badajoz<br \/>\nProvince: Badajoz<br \/>\nCP: 06008<br \/>\nCIF: B06689780<br \/>\nContact phone number: 924262636<br \/>\nEmail: info@grupogrupoazulae.com<\/p>\n<h2>2.- OBJECT.<\/h2>\n<p>The website provides users with access to information and services offered by Azulae SL to individuals or organizations interested in them.<\/p>\n<h2>3.- ACCESS AND USE OF THE WEBSITE.<\/h2>\n<p>3.1.- Free access and use of the website.<br \/>\nAccess to the website is free for its users.<br \/>\n3.2.- User registration.<br \/>\nIn general, access to and use of the website does not require prior subscription or registration by users.<\/p>\n<h2>4.- WEB CONTENT.<\/h2>\n<p>The language used by the owner on the website will be Spanish. Azulae SL is not responsible for the user&#039;s lack of understanding of the website&#039;s language, nor for any consequences thereof.<br \/>\nAzulae SL may modify the content without prior notice, as well as delete and change it within the website, such as the way in which it is accessed, without any justification and freely, not being responsible for the consequences that they may cause to users.<br \/>\nThe use of website content to promote, contract or disseminate advertising or information belonging to oneself or third parties without the authorization of Azulae SL is prohibited, as is sending advertising or information using the services or information made available to users, regardless of whether the use is free or not.<br \/>\nLinks or hyperlinks that third parties incorporate into their web pages, directed to this website, must open the full web page, and may not, directly or indirectly, make false, inaccurate or confusing statements, nor engage in unfair or illegal actions against Azulae SL<\/p>\n<h2>5.- LIMITATION OF LIABILITY.<\/h2>\n<p>Access to this website and any unauthorized use of the information contained therein is the sole responsibility of the user. Azulae SL will not be liable for any consequences, damages, or losses that may arise from such access or use. Azulae SL is not responsible for any security breaches that may occur, nor for any damage that may be caused to the user&#039;s computer system (hardware and software), or to files or documents stored on it, as a result of:<br \/>\n\u2013 the presence of a virus on the user&#039;s computer used to connect to the website&#039;s services and content,<br \/>\n\u2013 a browser malfunction,<br \/>\n\u2013 and\/or the use of outdated versions of it.<br \/>\nAzulae SL is not responsible for the reliability and speed of hyperlinks included on the website that lead to other websites. Azulae SL does not guarantee the usefulness of these links, nor is it responsible for the content or services that users may access through these links, nor for the proper functioning of these websites.<br \/>\nAzulae SL will not be responsible for viruses or other computer programs that damage or may damage users&#039; computer systems or equipment when accessing its website or other websites accessed through links on this website.<\/p>\n<h2>6.- USE OF \u201cCOOKIE\u201d TECHNOLOGY.<\/h2>\n<p>The website does not use cookies or any other invisible procedure for collecting information when the user browses it, respecting the confidentiality and privacy of the user at all times.<br \/>\n*IF COOKIES ARE USED, PLEASE SEE THE STATEMENT ON THE USE OF COOKIES. This website uses cookies; you can consult our Cookie Policy, which respects your confidentiality and privacy at all times.<\/p>\n<h2>7.- INTELLECTUAL AND INDUSTRIAL PROPERTY.<\/h2>\n<p>All industrial and intellectual property rights to this website and its content belong to Azulae SL. Any use of the website or its content must be for strictly personal purposes. Any other use involving the copying, reproduction, distribution, transformation, public communication, or any other similar action, of all or part of the website&#039;s content, is exclusively reserved to Azulae SL. Therefore, no user may carry out these actions without the prior written authorization of Azulae SL.<\/p>\n<h2>\u00a08. PRIVACY AND DATA PROTECTION POLICY<\/h2>\n<p>Azulae SL guarantees the protection and confidentiality of personal data of any kind provided to us by our client companies in accordance with the provisions of Organic Law 15\/1999, of December 13, on the Protection of Personal Data.<br \/>\nAll data provided by our client companies to Azulae SL or its staff will be included in an automated personal data file created and maintained under the responsibility of Azulae SL, essential to provide the services requested by users.<br \/>\nThe data provided will be processed in accordance with the Security Measures Regulations (Royal Decree 1720\/2007 of December 21). In this regard, Azulae SL has adopted the legally required levels of protection and has implemented all available technical measures to prevent loss, misuse, alteration, or unauthorized access by third parties. However, users should be aware that internet security measures are not infallible. If it is deemed necessary to transfer your personal data to other entities, you will be informed of the data being transferred, the purpose of the data processing, and the name and address of the recipient, so that you can give your explicit consent.<br \/>\nIn compliance with the GDPR, users may exercise their rights of access, rectification, erasure, and objection. To do so, please contact us at info@grupoazulae.com<\/p>\n<h2>9.- APPLICABLE LAW AND COMPETENT JURISDICTION.<\/h2>\n<p>This Legal Notice shall be interpreted and governed in accordance with Spanish law. Azulae SL and the users, expressly waiving any other jurisdiction that may apply, submit to the jurisdiction of the courts of the user&#039;s domicile for any dispute that may arise from access to or use of the website. If the user is domiciled outside of Spain, Azulae SL and the user, expressly waiving any other jurisdiction, submit to the jurisdiction of the courts of Azulae SL&#039;s domicile.<\/p>\n<\/div>\n<\/div>\n<\/article>","protected":false},"excerpt":{"rendered":"<p>El presente Aviso Legal regula las condiciones generales de acceso y utilizaci\u00f3n del sitio web accesible en la direcci\u00f3n URL https:\/\/grupoazulae.com (en adelante, el sitio web), que Azulae S.L. pone a disposici\u00f3n de los usuarios de Internet. La utilizaci\u00f3n del sitio web implica la aceptaci\u00f3n plena y sin reservas de todas y cada una de [&hellip;]<\/p>","protected":false},"author":1,"featured_media":0,"parent":0,"menu_order":0,"comment_status":"closed","ping_status":"closed","template":"full-page.php","meta":{"inline_featured_image":false,"footnotes":""},"class_list":["post-3578","page","type-page","status-publish","hentry"],"yoast_head":"<!-- This site is optimized with the Yoast SEO plugin v26.6 - https:\/\/yoast.com\/wordpress\/plugins\/seo\/ -->\n<title>Aviso Legal - Grupo Azulae<\/title>\n<meta name=\"description\" content=\"Aviso Legal - Grupo Azulae\" \/>\n<meta name=\"robots\" content=\"index, follow, max-snippet:-1, max-image-preview:large, max-video-preview:-1\" \/>\n<link rel=\"canonical\" href=\"https:\/\/grupoazulae.com\/en\/legal-notice\/\" \/>\n<meta property=\"og:locale\" content=\"en_GB\" \/>\n<meta property=\"og:type\" content=\"article\" \/>\n<meta property=\"og:title\" content=\"Aviso Legal - Grupo Azulae\" \/>\n<meta property=\"og:description\" content=\"Aviso Legal - Grupo Azulae\" \/>\n<meta property=\"og:url\" content=\"https:\/\/grupoazulae.com\/en\/legal-notice\/\" \/>\n<meta property=\"og:site_name\" content=\"Grupo Azulae\" \/>\n<meta property=\"article:publisher\" content=\"https:\/\/www.facebook.com\/grupoazulae\/\" \/>\n<meta property=\"article:modified_time\" content=\"2020-02-10T10:58:04+00:00\" \/>\n<meta name=\"twitter:card\" content=\"summary_large_image\" \/>\n<meta name=\"twitter:site\" content=\"@GrupoAzulae\" \/>\n<meta name=\"twitter:label1\" content=\"Estimated reading time\" \/>\n\t<meta name=\"twitter:data1\" content=\"6 minutes\" \/>\n<script type=\"application\/ld+json\" class=\"yoast-schema-graph\">{\"@context\":\"https:\/\/schema.org\",\"@graph\":[{\"@type\":\"WebPage\",\"@id\":\"https:\/\/grupoazulae.com\/aviso-legal\/\",\"url\":\"https:\/\/grupoazulae.com\/aviso-legal\/\",\"name\":\"Aviso Legal - Grupo Azulae\",\"isPartOf\":{\"@id\":\"https:\/\/grupoazulae.com\/#website\"},\"datePublished\":\"2020-02-03T11:07:28+00:00\",\"dateModified\":\"2020-02-10T10:58:04+00:00\",\"description\":\"Aviso Legal - Grupo Azulae\",\"breadcrumb\":{\"@id\":\"https:\/\/grupoazulae.com\/aviso-legal\/#breadcrumb\"},\"inLanguage\":\"en-GB\",\"potentialAction\":[{\"@type\":\"ReadAction\",\"target\":[\"https:\/\/grupoazulae.com\/aviso-legal\/\"]}]},{\"@type\":\"BreadcrumbList\",\"@id\":\"https:\/\/grupoazulae.com\/aviso-legal\/#breadcrumb\",\"itemListElement\":[{\"@type\":\"ListItem\",\"position\":1,\"name\":\"Portada\",\"item\":\"https:\/\/grupoazulae.com\/\"},{\"@type\":\"ListItem\",\"position\":2,\"name\":\"Aviso Legal\"}]},{\"@type\":\"WebSite\",\"@id\":\"https:\/\/grupoazulae.com\/#website\",\"url\":\"https:\/\/grupoazulae.com\/\",\"name\":\"Grupo Azulae\",\"description\":\"Loving Tech\",\"publisher\":{\"@id\":\"https:\/\/grupoazulae.com\/#organization\"},\"potentialAction\":[{\"@type\":\"SearchAction\",\"target\":{\"@type\":\"EntryPoint\",\"urlTemplate\":\"https:\/\/grupoazulae.com\/?s={search_term_string}\"},\"query-input\":{\"@type\":\"PropertyValueSpecification\",\"valueRequired\":true,\"valueName\":\"search_term_string\"}}],\"inLanguage\":\"en-GB\"},{\"@type\":\"Organization\",\"@id\":\"https:\/\/grupoazulae.com\/#organization\",\"name\":\"Grupo Azulae\",\"url\":\"https:\/\/grupoazulae.com\/\",\"logo\":{\"@type\":\"ImageObject\",\"inLanguage\":\"en-GB\",\"@id\":\"https:\/\/grupoazulae.com\/#\/schema\/logo\/image\/\",\"url\":\"https:\/\/grupoazulae.com\/wp-content\/uploads\/2020\/01\/logohead2.png\",\"contentUrl\":\"https:\/\/grupoazulae.com\/wp-content\/uploads\/2020\/01\/logohead2.png\",\"width\":600,\"height\":254,\"caption\":\"Grupo Azulae\"},\"image\":{\"@id\":\"https:\/\/grupoazulae.com\/#\/schema\/logo\/image\/\"},\"sameAs\":[\"https:\/\/www.facebook.com\/grupoazulae\/\",\"https:\/\/x.com\/GrupoAzulae\",\"https:\/\/www.linkedin.com\/company\/azulae\/\"]}]}<\/script>\n<!-- \/ Yoast SEO plugin. -->","yoast_head_json":{"title":"Legal Notice - Azulae Group","description":"Legal Notice - Azulae Group","robots":{"index":"index","follow":"follow","max-snippet":"max-snippet:-1","max-image-preview":"max-image-preview:large","max-video-preview":"max-video-preview:-1"},"canonical":"https:\/\/grupoazulae.com\/en\/legal-notice\/","og_locale":"en_GB","og_type":"article","og_title":"Aviso Legal - Grupo Azulae","og_description":"Aviso Legal - Grupo Azulae","og_url":"https:\/\/grupoazulae.com\/en\/legal-notice\/","og_site_name":"Grupo Azulae","article_publisher":"https:\/\/www.facebook.com\/grupoazulae\/","article_modified_time":"2020-02-10T10:58:04+00:00","twitter_card":"summary_large_image","twitter_site":"@GrupoAzulae","twitter_misc":{"Estimated reading time":"6 minutes"},"schema":{"@context":"https:\/\/schema.org","@graph":[{"@type":"WebPage","@id":"https:\/\/grupoazulae.com\/aviso-legal\/","url":"https:\/\/grupoazulae.com\/aviso-legal\/","name":"Legal Notice - Azulae Group","isPartOf":{"@id":"https:\/\/grupoazulae.com\/#website"},"datePublished":"2020-02-03T11:07:28+00:00","dateModified":"2020-02-10T10:58:04+00:00","description":"Legal Notice - Azulae Group","breadcrumb":{"@id":"https:\/\/grupoazulae.com\/aviso-legal\/#breadcrumb"},"inLanguage":"en-GB","potentialAction":[{"@type":"ReadAction","target":["https:\/\/grupoazulae.com\/aviso-legal\/"]}]},{"@type":"BreadcrumbList","@id":"https:\/\/grupoazulae.com\/aviso-legal\/#breadcrumb","itemListElement":[{"@type":"ListItem","position":1,"name":"Portada","item":"https:\/\/grupoazulae.com\/"},{"@type":"ListItem","position":2,"name":"Aviso Legal"}]},{"@type":"WebSite","@id":"https:\/\/grupoazulae.com\/#website","url":"https:\/\/grupoazulae.com\/","name":"Azulae Group","description":"Loving Tech","publisher":{"@id":"https:\/\/grupoazulae.com\/#organization"},"potentialAction":[{"@type":"SearchAction","target":{"@type":"EntryPoint","urlTemplate":"https:\/\/grupoazulae.com\/?s={search_term_string}"},"query-input":{"@type":"PropertyValueSpecification","valueRequired":true,"valueName":"search_term_string"}}],"inLanguage":"en-GB"},{"@type":"Organization","@id":"https:\/\/grupoazulae.com\/#organization","name":"Azulae Group","url":"https:\/\/grupoazulae.com\/","logo":{"@type":"ImageObject","inLanguage":"en-GB","@id":"https:\/\/grupoazulae.com\/#\/schema\/logo\/image\/","url":"https:\/\/grupoazulae.com\/wp-content\/uploads\/2020\/01\/logohead2.png","contentUrl":"https:\/\/grupoazulae.com\/wp-content\/uploads\/2020\/01\/logohead2.png","width":600,"height":254,"caption":"Grupo Azulae"},"image":{"@id":"https:\/\/grupoazulae.com\/#\/schema\/logo\/image\/"},"sameAs":["https:\/\/www.facebook.com\/grupoazulae\/","https:\/\/x.com\/GrupoAzulae","https:\/\/www.linkedin.com\/company\/azulae\/"]}]}},"_links":{"self":[{"href":"https:\/\/grupoazulae.com\/en\/wp-json\/wp\/v2\/pages\/3578","targetHints":{"allow":["GET"]}}],"collection":[{"href":"https:\/\/grupoazulae.com\/en\/wp-json\/wp\/v2\/pages"}],"about":[{"href":"https:\/\/grupoazulae.com\/en\/wp-json\/wp\/v2\/types\/page"}],"author":[{"embeddable":true,"href":"https:\/\/grupoazulae.com\/en\/wp-json\/wp\/v2\/users\/1"}],"replies":[{"embeddable":true,"href":"https:\/\/grupoazulae.com\/en\/wp-json\/wp\/v2\/comments?post=3578"}],"version-history":[{"count":0,"href":"https:\/\/grupoazulae.com\/en\/wp-json\/wp\/v2\/pages\/3578\/revisions"}],"wp:attachment":[{"href":"https:\/\/grupoazulae.com\/en\/wp-json\/wp\/v2\/media?parent=3578"}],"curies":[{"name":"wp","href":"https:\/\/api.w.org\/{rel}","templated":true}]}}