{"id":3804,"date":"2020-02-19T16:33:14","date_gmt":"2020-02-19T16:33:14","guid":{"rendered":"https:\/\/grupoazulae.com\/?page_id=3804"},"modified":"2020-02-19T16:33:14","modified_gmt":"2020-02-19T16:33:14","slug":"job-offer-mobile-app-developer-ios-android","status":"publish","type":"page","link":"https:\/\/grupoazulae.com\/en\/job-offer-mobile-app-developer-ios-android\/","title":{"rendered":"Job offer: Mobile App Developer (iOS\/Android)"},"content":{"rendered":"<h3>Description<\/h3>\n<p>We are looking for mobile app developers with at least two years of experience in a similar role to join our company on a permanent basis. We develop custom projects for top-tier clients and have several proprietary products with significant growth potential and leading positions in their sector.<\/p>\n<p>Functions:<\/p>\n<ul>\n<li>Development of hybrid and native mobile apps. - Integration of apps with third-party software.<\/li>\n<\/ul>\n<p>We will highly value attitude, curiosity to learn, willingness, desire to grow and to join a growing team.<\/p>\n<p>What can we offer you?<\/p>\n<ul>\n<li>Join a company with access to challenging projects for leading clients in their sectors of activity. - A professional career adapted to you.<\/li>\n<li>Competitive compensation and access to flexible compensation plans.<\/li>\n<li>Continuing education.<\/li>\n<li>Flexible hours.<\/li>\n<\/ul>\n<h4><\/h4>\n<h4>minimum studies<\/h4>\n<p>Advanced Vocational Training<\/p>\n<h4>Minimum experience<\/h4>\n<p>At least 3 years<\/p>\n<h4>Required knowledge<\/h4>\n<p>Mobile apps<br \/>\nIonic<br \/>\nflutter<\/p>\n<h4>Minimum requirements<\/h4>\n<ul>\n<li>Minimum of 2 years&#039; experience in Android\/iOS mobile application development<\/li>\n<li>Development of hybrid mobile applications using a framework such as Ionic.<\/li>\n<li>Knowledge of Angular.<\/li>\n<li>Knowledge of RESTful APIs and integration with back-end services.<\/li>\n<li>Knowledge of HTML5, CSS3, iOS, Android, Agile Methodologies, back-end services<\/li>\n<\/ul>\n<p>&nbsp;<\/p>\n<h4>Type of industry of the offer<\/h4>\n<p>Information technology and services<\/p>\n<h4><strong>Level<\/strong><\/h4>\n<p>Employee<\/p>\n<h4>Personnel in charge<\/h4>\n<p>1 \u2013 5<\/p>\n<h4>Number of vacancies<\/h4>\n<p>1<\/p>\n<h4>Salary<\/h4>\n<p>Salary: \u20ac18,000 \u2013 \u20ac24,000 Gross\/year<\/p>\n<h4>Social benefits<\/h4>\n<p>Flexible hours<br \/>\nTelecommuting<\/p>","protected":false},"excerpt":{"rendered":"<p>Descripci\u00f3n Buscamos desarrolladores de App m\u00f3viles con experiencia en un puesto similar de al menos 2 a\u00f1os, para incorporarse a nuestra empresa de manera estable.Realizamos proyectos a medida para clientes de primer nivel. Y contamos con diversos productos propios con una importante proyecci\u00f3n y l\u00edderes en su sector. Funciones: Desarrollo de App m\u00f3viles tanto h\u00edbridas [&hellip;]<\/p>","protected":false},"author":1,"featured_media":0,"parent":0,"menu_order":0,"comment_status":"closed","ping_status":"closed","template":"full-page.php","meta":{"inline_featured_image":false,"footnotes":""},"class_list":["post-3804","page","type-page","status-publish","hentry"],"yoast_head":"<!-- This site is optimized with the Yoast SEO plugin v26.6 - https:\/\/yoast.com\/wordpress\/plugins\/seo\/ -->\n<title>Oferta de empleo Desarrollador App m\u00f3viles IOS \/ Android - Grupo Azulae<\/title>\n<meta name=\"description\" content=\"Oferta de empleo Desarrollador App m\u00f3viles IOS \/ Android - Grupo Azulae\" \/>\n<meta name=\"robots\" content=\"index, follow, max-snippet:-1, max-image-preview:large, max-video-preview:-1\" \/>\n<link rel=\"canonical\" href=\"https:\/\/grupoazulae.com\/en\/job-offer-mobile-app-developer-ios-android\/\" \/>\n<meta property=\"og:locale\" content=\"en_GB\" \/>\n<meta property=\"og:type\" content=\"article\" \/>\n<meta property=\"og:title\" content=\"Oferta de empleo Desarrollador App m\u00f3viles IOS \/ Android - Grupo Azulae\" \/>\n<meta property=\"og:description\" content=\"Oferta de empleo Desarrollador App m\u00f3viles IOS \/ Android - Grupo Azulae\" \/>\n<meta property=\"og:url\" content=\"https:\/\/grupoazulae.com\/en\/job-offer-mobile-app-developer-ios-android\/\" \/>\n<meta property=\"og:site_name\" content=\"Grupo Azulae\" \/>\n<meta property=\"article:publisher\" content=\"https:\/\/www.facebook.com\/grupoazulae\/\" \/>\n<meta name=\"twitter:card\" content=\"summary_large_image\" \/>\n<meta name=\"twitter:site\" content=\"@GrupoAzulae\" \/>\n<meta name=\"twitter:label1\" content=\"Estimated reading time\" \/>\n\t<meta name=\"twitter:data1\" content=\"1 minute\" \/>\n<script type=\"application\/ld+json\" class=\"yoast-schema-graph\">{\"@context\":\"https:\/\/schema.org\",\"@graph\":[{\"@type\":\"WebPage\",\"@id\":\"https:\/\/grupoazulae.com\/oferta-de-empleo-desarrollador-app-moviles-ios-android\/\",\"url\":\"https:\/\/grupoazulae.com\/oferta-de-empleo-desarrollador-app-moviles-ios-android\/\",\"name\":\"Oferta de empleo Desarrollador App m\u00f3viles IOS \/ Android - Grupo Azulae\",\"isPartOf\":{\"@id\":\"https:\/\/grupoazulae.com\/#website\"},\"datePublished\":\"2020-02-19T16:33:14+00:00\",\"description\":\"Oferta de empleo Desarrollador App m\u00f3viles IOS \/ Android - Grupo Azulae\",\"breadcrumb\":{\"@id\":\"https:\/\/grupoazulae.com\/oferta-de-empleo-desarrollador-app-moviles-ios-android\/#breadcrumb\"},\"inLanguage\":\"en-GB\",\"potentialAction\":[{\"@type\":\"ReadAction\",\"target\":[\"https:\/\/grupoazulae.com\/oferta-de-empleo-desarrollador-app-moviles-ios-android\/\"]}]},{\"@type\":\"BreadcrumbList\",\"@id\":\"https:\/\/grupoazulae.com\/oferta-de-empleo-desarrollador-app-moviles-ios-android\/#breadcrumb\",\"itemListElement\":[{\"@type\":\"ListItem\",\"position\":1,\"name\":\"Portada\",\"item\":\"https:\/\/grupoazulae.com\/\"},{\"@type\":\"ListItem\",\"position\":2,\"name\":\"Oferta de empleo Desarrollador App m\u00f3viles IOS \/ Android\"}]},{\"@type\":\"WebSite\",\"@id\":\"https:\/\/grupoazulae.com\/#website\",\"url\":\"https:\/\/grupoazulae.com\/\",\"name\":\"Grupo Azulae\",\"description\":\"Loving Tech\",\"publisher\":{\"@id\":\"https:\/\/grupoazulae.com\/#organization\"},\"potentialAction\":[{\"@type\":\"SearchAction\",\"target\":{\"@type\":\"EntryPoint\",\"urlTemplate\":\"https:\/\/grupoazulae.com\/?s={search_term_string}\"},\"query-input\":{\"@type\":\"PropertyValueSpecification\",\"valueRequired\":true,\"valueName\":\"search_term_string\"}}],\"inLanguage\":\"en-GB\"},{\"@type\":\"Organization\",\"@id\":\"https:\/\/grupoazulae.com\/#organization\",\"name\":\"Grupo Azulae\",\"url\":\"https:\/\/grupoazulae.com\/\",\"logo\":{\"@type\":\"ImageObject\",\"inLanguage\":\"en-GB\",\"@id\":\"https:\/\/grupoazulae.com\/#\/schema\/logo\/image\/\",\"url\":\"https:\/\/grupoazulae.com\/wp-content\/uploads\/2020\/01\/logohead2.png\",\"contentUrl\":\"https:\/\/grupoazulae.com\/wp-content\/uploads\/2020\/01\/logohead2.png\",\"width\":600,\"height\":254,\"caption\":\"Grupo Azulae\"},\"image\":{\"@id\":\"https:\/\/grupoazulae.com\/#\/schema\/logo\/image\/\"},\"sameAs\":[\"https:\/\/www.facebook.com\/grupoazulae\/\",\"https:\/\/x.com\/GrupoAzulae\",\"https:\/\/www.linkedin.com\/company\/azulae\/\"]}]}<\/script>\n<!-- \/ Yoast SEO plugin. -->","yoast_head_json":{"title":"Job offer: Mobile App Developer (iOS\/Android) - Azulae Group","description":"Job offer: Mobile App Developer (iOS\/Android) - Azulae Group","robots":{"index":"index","follow":"follow","max-snippet":"max-snippet:-1","max-image-preview":"max-image-preview:large","max-video-preview":"max-video-preview:-1"},"canonical":"https:\/\/grupoazulae.com\/en\/job-offer-mobile-app-developer-ios-android\/","og_locale":"en_GB","og_type":"article","og_title":"Oferta de empleo Desarrollador App m\u00f3viles IOS \/ Android - Grupo Azulae","og_description":"Oferta de empleo Desarrollador App m\u00f3viles IOS \/ Android - Grupo Azulae","og_url":"https:\/\/grupoazulae.com\/en\/job-offer-mobile-app-developer-ios-android\/","og_site_name":"Grupo Azulae","article_publisher":"https:\/\/www.facebook.com\/grupoazulae\/","twitter_card":"summary_large_image","twitter_site":"@GrupoAzulae","twitter_misc":{"Estimated reading time":"1 minute"},"schema":{"@context":"https:\/\/schema.org","@graph":[{"@type":"WebPage","@id":"https:\/\/grupoazulae.com\/oferta-de-empleo-desarrollador-app-moviles-ios-android\/","url":"https:\/\/grupoazulae.com\/oferta-de-empleo-desarrollador-app-moviles-ios-android\/","name":"Job offer: Mobile App Developer (iOS\/Android) - Azulae Group","isPartOf":{"@id":"https:\/\/grupoazulae.com\/#website"},"datePublished":"2020-02-19T16:33:14+00:00","description":"Job offer: Mobile App Developer (iOS\/Android) - Azulae Group","breadcrumb":{"@id":"https:\/\/grupoazulae.com\/oferta-de-empleo-desarrollador-app-moviles-ios-android\/#breadcrumb"},"inLanguage":"en-GB","potentialAction":[{"@type":"ReadAction","target":["https:\/\/grupoazulae.com\/oferta-de-empleo-desarrollador-app-moviles-ios-android\/"]}]},{"@type":"BreadcrumbList","@id":"https:\/\/grupoazulae.com\/oferta-de-empleo-desarrollador-app-moviles-ios-android\/#breadcrumb","itemListElement":[{"@type":"ListItem","position":1,"name":"Portada","item":"https:\/\/grupoazulae.com\/"},{"@type":"ListItem","position":2,"name":"Oferta de empleo Desarrollador App m\u00f3viles IOS \/ Android"}]},{"@type":"WebSite","@id":"https:\/\/grupoazulae.com\/#website","url":"https:\/\/grupoazulae.com\/","name":"Azulae Group","description":"Loving Tech","publisher":{"@id":"https:\/\/grupoazulae.com\/#organization"},"potentialAction":[{"@type":"SearchAction","target":{"@type":"EntryPoint","urlTemplate":"https:\/\/grupoazulae.com\/?s={search_term_string}"},"query-input":{"@type":"PropertyValueSpecification","valueRequired":true,"valueName":"search_term_string"}}],"inLanguage":"en-GB"},{"@type":"Organization","@id":"https:\/\/grupoazulae.com\/#organization","name":"Azulae Group","url":"https:\/\/grupoazulae.com\/","logo":{"@type":"ImageObject","inLanguage":"en-GB","@id":"https:\/\/grupoazulae.com\/#\/schema\/logo\/image\/","url":"https:\/\/grupoazulae.com\/wp-content\/uploads\/2020\/01\/logohead2.png","contentUrl":"https:\/\/grupoazulae.com\/wp-content\/uploads\/2020\/01\/logohead2.png","width":600,"height":254,"caption":"Grupo Azulae"},"image":{"@id":"https:\/\/grupoazulae.com\/#\/schema\/logo\/image\/"},"sameAs":["https:\/\/www.facebook.com\/grupoazulae\/","https:\/\/x.com\/GrupoAzulae","https:\/\/www.linkedin.com\/company\/azulae\/"]}]}},"_links":{"self":[{"href":"https:\/\/grupoazulae.com\/en\/wp-json\/wp\/v2\/pages\/3804","targetHints":{"allow":["GET"]}}],"collection":[{"href":"https:\/\/grupoazulae.com\/en\/wp-json\/wp\/v2\/pages"}],"about":[{"href":"https:\/\/grupoazulae.com\/en\/wp-json\/wp\/v2\/types\/page"}],"author":[{"embeddable":true,"href":"https:\/\/grupoazulae.com\/en\/wp-json\/wp\/v2\/users\/1"}],"replies":[{"embeddable":true,"href":"https:\/\/grupoazulae.com\/en\/wp-json\/wp\/v2\/comments?post=3804"}],"version-history":[{"count":0,"href":"https:\/\/grupoazulae.com\/en\/wp-json\/wp\/v2\/pages\/3804\/revisions"}],"wp:attachment":[{"href":"https:\/\/grupoazulae.com\/en\/wp-json\/wp\/v2\/media?parent=3804"}],"curies":[{"name":"wp","href":"https:\/\/api.w.org\/{rel}","templated":true}]}}