{"id":4906,"date":"2022-04-28T11:31:15","date_gmt":"2022-04-28T11:31:15","guid":{"rendered":"https:\/\/grupoazulae.com\/?page_id=4906"},"modified":"2022-04-28T14:29:29","modified_gmt":"2022-04-28T14:29:29","slug":"implementation-of-teleworking-and-digital-entrepreneurship-solutions","status":"publish","type":"page","link":"https:\/\/grupoazulae.com\/en\/implementation-of-teleworking-and-digital-entrepreneurship-solutions\/","title":{"rendered":"Implementation of teleworking and digital entrepreneurship solutions"},"content":{"rendered":"<div class=\"wpb-content-wrapper\"><div class=\"vc_row wpb_row vc_row-fluid vc_custom_1651149262009\"><div class=\"wpb_column vc_column_container vc_col-sm-12\"><div class=\"vc_column-inner\"><div class=\"wpb_wrapper\">\n\t<div class=\"wpb_text_column wpb_content_element\" >\n\t\t<div class=\"wpb_wrapper\">\n\t\t\t<h4 style=\"line-height: 56px;\"><strong>DESCRIPTION OF THE OPERATION:<\/strong><\/h4>\n<p>Support programs will be launched to promote advanced ICT services, through the application of knowledge and new techniques in the field of business innovation that allow the implementation of tools designed to facilitate teleworking and boost digital entrepreneurship in companies in the Autonomous Community of Extremadura. The main objective is to improve, through the use of digital technologies, the productivity and competitiveness of companies, as well as offering alternative work options to the traditional face-to-face model, thus reinforcing and enhancing their growth.<\/p>\n<p>Two lines of action will be established:<\/p>\n<ol>\n<li>Boosting Teleworking: Connectivity and Cloud Office.<\/li>\n<li>Boosting Digital Entrepreneurship.<\/li>\n<\/ol>\n\n\t\t<\/div>\n\t<\/div>\n\n\t<div class=\"wpb_text_column wpb_content_element\" >\n\t\t<div class=\"wpb_wrapper\">\n\t\t\t<h4 style=\"line-height: 56px;\"><strong>PROJECT DESCRIPTION:<\/strong><\/h4>\n<p>Use of computer equipment for blockchain processing to study the feasibility of using solar energy for blockchain processing in its different areas.<\/p>\n\n\t\t<\/div>\n\t<\/div>\n<\/div><\/div><\/div><\/div><div class=\"vc_row wpb_row vc_row-fluid vc_custom_1651156160018 vc_column-gap-30\"><div class=\"wpb_column vc_column_container vc_col-sm-7 vc_col-has-fill\"><div class=\"vc_column-inner vc_custom_1651149091748\"><div class=\"wpb_wrapper\">\n\t<div class=\"wpb_text_column wpb_content_element\" >\n\t\t<div class=\"wpb_wrapper\">\n\t\t\t<h4 style=\"line-height: 56px;\"><strong>GOALS:<\/strong><\/h4>\n<p>We believe that with the result of developing this technological solution we can obtain a product to sell not only to companies, but also to individuals, a product created entirely in Extremadura and by an Extremaduran company, which, together with the commercial, advertising and marketing work by our company, can not only bring us economic benefits, but can also position us in a relevant and differentiating position among the companies in our sector, not only at the regional level, but also at the national level.<\/p>\n\n\t\t<\/div>\n\t<\/div>\n\n\t<div class=\"wpb_text_column wpb_content_element\" >\n\t\t<div class=\"wpb_wrapper\">\n\t\t\t<h6 style=\"line-height: 42px;\"><strong>REGULATING BASE: <\/strong>Order of September 9, 2020.<\/h6>\n<h6 style=\"line-height: 42px;\"><strong>BUDGET:\u00a0<\/strong>7.564,00\u20ac \u20ac.<\/h6>\n<h6 style=\"line-height: 42px;\"><strong>HELP RECEIVED: <\/strong>6.000,00 \u20ac.<\/h6>\n<h6 style=\"line-height: 42px;\"><strong>BACKGROUND: <\/strong>European Regional Development Fund (ERDF).<\/h6>\n\n\t\t<\/div>\n\t<\/div>\n<\/div><\/div><\/div><div class=\"wpb_column vc_column_container vc_col-sm-5\"><div class=\"vc_column-inner\"><div class=\"wpb_wrapper\">\n\t<div class=\"wpb_text_column wpb_content_element\" >\n\t\t<div class=\"wpb_wrapper\">\n\t\t\t<h4 style=\"line-height: 56px;\"><strong>EXPECTED RESULTS:<\/strong><\/h4>\n<p>Increase sales, expand the customer base, and take the next step in the company to acquire the status of a technology-based company at the regional and national levels.<\/p>\n\n\t\t<\/div>\n\t<\/div>\n\n\t<div  class=\"wpb_single_image wpb_content_element vc_align_left wpb_content_element\">\n\t\t\n\t\t<figure class=\"wpb_wrapper vc_figure\">\n\t\t\t<div class=\"vc_single_image-wrapper   vc_box_border_grey\"><img loading=\"lazy\" decoding=\"async\" width=\"665\" height=\"81\" src=\"https:\/\/grupoazulae.com\/wp-content\/uploads\/2022\/04\/logo-ag-juntaex.png\" class=\"vc_single_image-img attachment-full\" alt=\"\" title=\"logo-ag-juntaex\" srcset=\"https:\/\/grupoazulae.com\/wp-content\/uploads\/2022\/04\/logo-ag-juntaex.png 665w, https:\/\/grupoazulae.com\/wp-content\/uploads\/2022\/04\/logo-ag-juntaex-300x37.png 300w\" sizes=\"auto, 100vw\" \/><\/div>\n\t\t<\/figure>\n\t<\/div>\n<\/div><\/div><\/div><\/div>\n<\/div>","protected":false},"excerpt":{"rendered":"DESCRIPCI\u00d3N DE LA OPERACI\u00d3N: Se pondr\u00e1n en marcha l\u00edneas de ayuda para el fomento de los servicios avanzados en materia TIC, mediante la aplicaci\u00f3n de conocimiento y nuevas t\u00e9cnicas en el \u00e1mbito de la innovaci\u00f3n empresarial que permitan la implantaci\u00f3n de herramientas destinadas a facilitar el desempe\u00f1o del teletrabajo y den un impulso al emprendimiento [...]","protected":false},"author":1,"featured_media":0,"parent":0,"menu_order":0,"comment_status":"closed","ping_status":"closed","template":"full-page.php","meta":{"inline_featured_image":false,"footnotes":""},"class_list":["post-4906","page","type-page","status-publish","hentry"],"yoast_head":"<!-- This site is optimized with the Yoast SEO plugin v26.6 - https:\/\/yoast.com\/wordpress\/plugins\/seo\/ -->\n<title>Implantaci\u00f3n de soluciones de teletrabajo y emprendimiento digital - Grupo Azulae<\/title>\n<meta name=\"description\" content=\"Implantaci\u00f3n de soluciones de teletrabajo y emprendimiento digital - Grupo Azulae\" \/>\n<meta name=\"robots\" content=\"index, follow, max-snippet:-1, max-image-preview:large, max-video-preview:-1\" \/>\n<link rel=\"canonical\" href=\"https:\/\/grupoazulae.com\/en\/implementation-of-teleworking-and-digital-entrepreneurship-solutions\/\" \/>\n<meta property=\"og:locale\" content=\"en_GB\" \/>\n<meta property=\"og:type\" content=\"article\" \/>\n<meta property=\"og:title\" content=\"Implantaci\u00f3n de soluciones de teletrabajo y emprendimiento digital - Grupo Azulae\" \/>\n<meta property=\"og:description\" content=\"Implantaci\u00f3n de soluciones de teletrabajo y emprendimiento digital - Grupo Azulae\" \/>\n<meta property=\"og:url\" content=\"https:\/\/grupoazulae.com\/en\/implementation-of-teleworking-and-digital-entrepreneurship-solutions\/\" \/>\n<meta property=\"og:site_name\" content=\"Grupo Azulae\" \/>\n<meta property=\"article:publisher\" content=\"https:\/\/www.facebook.com\/grupoazulae\/\" \/>\n<meta property=\"article:modified_time\" content=\"2022-04-28T14:29:29+00:00\" \/>\n<meta name=\"twitter:card\" content=\"summary_large_image\" \/>\n<meta name=\"twitter:site\" content=\"@GrupoAzulae\" \/>\n<meta name=\"twitter:label1\" content=\"Estimated reading time\" \/>\n\t<meta name=\"twitter:data1\" content=\"2 minutes\" \/>\n<script type=\"application\/ld+json\" class=\"yoast-schema-graph\">{\"@context\":\"https:\/\/schema.org\",\"@graph\":[{\"@type\":\"WebPage\",\"@id\":\"https:\/\/grupoazulae.com\/implantacion-de-soluciones-de-teletrabajo-y-emprendimiento-digital\/\",\"url\":\"https:\/\/grupoazulae.com\/implantacion-de-soluciones-de-teletrabajo-y-emprendimiento-digital\/\",\"name\":\"Implantaci\u00f3n de soluciones de teletrabajo y emprendimiento digital - Grupo Azulae\",\"isPartOf\":{\"@id\":\"https:\/\/grupoazulae.com\/#website\"},\"datePublished\":\"2022-04-28T11:31:15+00:00\",\"dateModified\":\"2022-04-28T14:29:29+00:00\",\"description\":\"Implantaci\u00f3n de soluciones de teletrabajo y emprendimiento digital - Grupo Azulae\",\"breadcrumb\":{\"@id\":\"https:\/\/grupoazulae.com\/implantacion-de-soluciones-de-teletrabajo-y-emprendimiento-digital\/#breadcrumb\"},\"inLanguage\":\"en-GB\",\"potentialAction\":[{\"@type\":\"ReadAction\",\"target\":[\"https:\/\/grupoazulae.com\/implantacion-de-soluciones-de-teletrabajo-y-emprendimiento-digital\/\"]}]},{\"@type\":\"BreadcrumbList\",\"@id\":\"https:\/\/grupoazulae.com\/implantacion-de-soluciones-de-teletrabajo-y-emprendimiento-digital\/#breadcrumb\",\"itemListElement\":[{\"@type\":\"ListItem\",\"position\":1,\"name\":\"Portada\",\"item\":\"https:\/\/grupoazulae.com\/\"},{\"@type\":\"ListItem\",\"position\":2,\"name\":\"Implantaci\u00f3n de soluciones de teletrabajo y emprendimiento digital\"}]},{\"@type\":\"WebSite\",\"@id\":\"https:\/\/grupoazulae.com\/#website\",\"url\":\"https:\/\/grupoazulae.com\/\",\"name\":\"Grupo Azulae\",\"description\":\"Loving Tech\",\"publisher\":{\"@id\":\"https:\/\/grupoazulae.com\/#organization\"},\"potentialAction\":[{\"@type\":\"SearchAction\",\"target\":{\"@type\":\"EntryPoint\",\"urlTemplate\":\"https:\/\/grupoazulae.com\/?s={search_term_string}\"},\"query-input\":{\"@type\":\"PropertyValueSpecification\",\"valueRequired\":true,\"valueName\":\"search_term_string\"}}],\"inLanguage\":\"en-GB\"},{\"@type\":\"Organization\",\"@id\":\"https:\/\/grupoazulae.com\/#organization\",\"name\":\"Grupo Azulae\",\"url\":\"https:\/\/grupoazulae.com\/\",\"logo\":{\"@type\":\"ImageObject\",\"inLanguage\":\"en-GB\",\"@id\":\"https:\/\/grupoazulae.com\/#\/schema\/logo\/image\/\",\"url\":\"https:\/\/grupoazulae.com\/wp-content\/uploads\/2020\/01\/logohead2.png\",\"contentUrl\":\"https:\/\/grupoazulae.com\/wp-content\/uploads\/2020\/01\/logohead2.png\",\"width\":600,\"height\":254,\"caption\":\"Grupo Azulae\"},\"image\":{\"@id\":\"https:\/\/grupoazulae.com\/#\/schema\/logo\/image\/\"},\"sameAs\":[\"https:\/\/www.facebook.com\/grupoazulae\/\",\"https:\/\/x.com\/GrupoAzulae\",\"https:\/\/www.linkedin.com\/company\/azulae\/\"]}]}<\/script>\n<!-- \/ Yoast SEO plugin. -->","yoast_head_json":{"title":"Implementation of teleworking and digital entrepreneurship solutions - Azulae Group","description":"Implementation of teleworking and digital entrepreneurship solutions - Azulae Group","robots":{"index":"index","follow":"follow","max-snippet":"max-snippet:-1","max-image-preview":"max-image-preview:large","max-video-preview":"max-video-preview:-1"},"canonical":"https:\/\/grupoazulae.com\/en\/implementation-of-teleworking-and-digital-entrepreneurship-solutions\/","og_locale":"en_GB","og_type":"article","og_title":"Implantaci\u00f3n de soluciones de teletrabajo y emprendimiento digital - Grupo Azulae","og_description":"Implantaci\u00f3n de soluciones de teletrabajo y emprendimiento digital - Grupo Azulae","og_url":"https:\/\/grupoazulae.com\/en\/implementation-of-teleworking-and-digital-entrepreneurship-solutions\/","og_site_name":"Grupo Azulae","article_publisher":"https:\/\/www.facebook.com\/grupoazulae\/","article_modified_time":"2022-04-28T14:29:29+00:00","twitter_card":"summary_large_image","twitter_site":"@GrupoAzulae","twitter_misc":{"Estimated reading time":"2 minutes"},"schema":{"@context":"https:\/\/schema.org","@graph":[{"@type":"WebPage","@id":"https:\/\/grupoazulae.com\/implantacion-de-soluciones-de-teletrabajo-y-emprendimiento-digital\/","url":"https:\/\/grupoazulae.com\/implantacion-de-soluciones-de-teletrabajo-y-emprendimiento-digital\/","name":"Implementation of teleworking and digital entrepreneurship solutions - Azulae Group","isPartOf":{"@id":"https:\/\/grupoazulae.com\/#website"},"datePublished":"2022-04-28T11:31:15+00:00","dateModified":"2022-04-28T14:29:29+00:00","description":"Implementation of teleworking and digital entrepreneurship solutions - Azulae Group","breadcrumb":{"@id":"https:\/\/grupoazulae.com\/implantacion-de-soluciones-de-teletrabajo-y-emprendimiento-digital\/#breadcrumb"},"inLanguage":"en-GB","potentialAction":[{"@type":"ReadAction","target":["https:\/\/grupoazulae.com\/implantacion-de-soluciones-de-teletrabajo-y-emprendimiento-digital\/"]}]},{"@type":"BreadcrumbList","@id":"https:\/\/grupoazulae.com\/implantacion-de-soluciones-de-teletrabajo-y-emprendimiento-digital\/#breadcrumb","itemListElement":[{"@type":"ListItem","position":1,"name":"Portada","item":"https:\/\/grupoazulae.com\/"},{"@type":"ListItem","position":2,"name":"Implantaci\u00f3n de soluciones de teletrabajo y emprendimiento digital"}]},{"@type":"WebSite","@id":"https:\/\/grupoazulae.com\/#website","url":"https:\/\/grupoazulae.com\/","name":"Azulae Group","description":"Loving Tech","publisher":{"@id":"https:\/\/grupoazulae.com\/#organization"},"potentialAction":[{"@type":"SearchAction","target":{"@type":"EntryPoint","urlTemplate":"https:\/\/grupoazulae.com\/?s={search_term_string}"},"query-input":{"@type":"PropertyValueSpecification","valueRequired":true,"valueName":"search_term_string"}}],"inLanguage":"en-GB"},{"@type":"Organization","@id":"https:\/\/grupoazulae.com\/#organization","name":"Azulae Group","url":"https:\/\/grupoazulae.com\/","logo":{"@type":"ImageObject","inLanguage":"en-GB","@id":"https:\/\/grupoazulae.com\/#\/schema\/logo\/image\/","url":"https:\/\/grupoazulae.com\/wp-content\/uploads\/2020\/01\/logohead2.png","contentUrl":"https:\/\/grupoazulae.com\/wp-content\/uploads\/2020\/01\/logohead2.png","width":600,"height":254,"caption":"Grupo Azulae"},"image":{"@id":"https:\/\/grupoazulae.com\/#\/schema\/logo\/image\/"},"sameAs":["https:\/\/www.facebook.com\/grupoazulae\/","https:\/\/x.com\/GrupoAzulae","https:\/\/www.linkedin.com\/company\/azulae\/"]}]}},"_links":{"self":[{"href":"https:\/\/grupoazulae.com\/en\/wp-json\/wp\/v2\/pages\/4906","targetHints":{"allow":["GET"]}}],"collection":[{"href":"https:\/\/grupoazulae.com\/en\/wp-json\/wp\/v2\/pages"}],"about":[{"href":"https:\/\/grupoazulae.com\/en\/wp-json\/wp\/v2\/types\/page"}],"author":[{"embeddable":true,"href":"https:\/\/grupoazulae.com\/en\/wp-json\/wp\/v2\/users\/1"}],"replies":[{"embeddable":true,"href":"https:\/\/grupoazulae.com\/en\/wp-json\/wp\/v2\/comments?post=4906"}],"version-history":[{"count":0,"href":"https:\/\/grupoazulae.com\/en\/wp-json\/wp\/v2\/pages\/4906\/revisions"}],"wp:attachment":[{"href":"https:\/\/grupoazulae.com\/en\/wp-json\/wp\/v2\/media?parent=4906"}],"curies":[{"name":"wp","href":"https:\/\/api.w.org\/{rel}","templated":true}]}}