{"id":3578,"date":"2020-02-03T11:07:28","date_gmt":"2020-02-03T11:07:28","guid":{"rendered":"http:\/\/grupoazulae.com\/?page_id=3578"},"modified":"2020-02-10T10:58:04","modified_gmt":"2020-02-10T10:58:04","slug":"mentions-legales","status":"publish","type":"page","link":"https:\/\/grupoazulae.com\/fr\/mentions-legales\/","title":{"rendered":"Mentions l\u00e9gales"},"content":{"rendered":"<article id=\"post-3187\" class=\"post-3187 page type-page status-publish hentry\">\n<div class=\"entry-content blog_postcontent\">\n<div id=\"clickdatos\">\n<p>Cet avis juridique r\u00e9git les conditions g\u00e9n\u00e9rales d&#039;acc\u00e8s et d&#039;utilisation du site Web accessible \u00e0 l&#039;URL https:\/\/grupoazulae.com (ci-apr\u00e8s, le site Web), qu&#039;Azulae SL met \u00e0 la disposition des utilisateurs d&#039;Internet.<br \/>\nL&#039;utilisation du site Web implique l&#039;acceptation pleine et enti\u00e8re de chacune des dispositions incluses dans le pr\u00e9sent avis juridique. Par cons\u00e9quent, les utilisateurs du site Web doivent lire attentivement cet avis juridique chaque fois qu&#039;ils ont l&#039;intention d&#039;utiliser le site Web, car le texte peut \u00eatre modifi\u00e9 \u00e0 la discr\u00e9tion du propri\u00e9taire du site Web, ou en raison de changements dans la l\u00e9gislation, la jurisprudence ou les pratiques commerciales.<\/p>\n<h2>1.- PROPRI\u00c9T\u00c9 DU SITE WEB.<\/h2>\n<p>Nom du propri\u00e9taire : Eugenio S\u00e1nchez Garc\u00eda<br \/>\nSi\u00e8ge social : Avenida Ricardo Carapeto Zambrano n\u00b0 130<br \/>\nPopulation : Badajoz<br \/>\nProvince : Badajoz<br \/>\nCP: 06008<br \/>\nCIF : B06689780<br \/>\nNum\u00e9ro de t\u00e9l\u00e9phone de contact : 924262636<br \/>\nCourriel : info@grupogrupoazulae.com<\/p>\n<h2>2.- OBJET.<\/h2>\n<p>Le site Web permet aux utilisateurs d&#039;acc\u00e9der aux informations et aux services fournis par Azulae SL aux personnes ou aux organisations int\u00e9ress\u00e9es.<\/p>\n<h2>3.- ACC\u00c8S ET UTILISATION DU SITE WEB.<\/h2>\n<p>3.1.- Acc\u00e8s et utilisation gratuits du site.<br \/>\nL&#039;acc\u00e8s au site est gratuit pour ses utilisateurs.<br \/>\n3.2.- Enregistrement de l&#039;utilisateur.<br \/>\nEn g\u00e9n\u00e9ral, l&#039;acc\u00e8s et l&#039;utilisation du site ne n\u00e9cessitent pas d&#039;abonnement ou d&#039;enregistrement pr\u00e9alable de ses utilisateurs.<\/p>\n<h2>4.- CONTENU DU SITE WEB.<\/h2>\n<p>La langue utilis\u00e9e par le propri\u00e9taire sur le site Web sera l&#039;espagnol. Azulae SL n&#039;est pas responsable de l&#039;incapacit\u00e9 de l&#039;utilisateur \u00e0 comprendre ou \u00e0 assimiler la langue du site Web, ni de ses cons\u00e9quences.<br \/>\nAzulae SL peut modifier le contenu sans pr\u00e9avis, ainsi que les supprimer et les modifier au sein du site Web, ainsi que la mani\u00e8re dont ils sont accessibles, sans justification et librement, et n&#039;est pas responsable des cons\u00e9quences que ceux-ci peuvent entra\u00eener pour les utilisateurs.<br \/>\nL&#039;utilisation du contenu du site Web pour promouvoir, contracter ou diffuser de la publicit\u00e9 ou des informations, qu&#039;elles soient propres ou celles de tiers, sans l&#039;autorisation d&#039;Azulae SL, est interdite, tout comme l&#039;envoi de publicit\u00e9 ou d&#039;informations en utilisant les services ou informations mis \u00e0 la disposition des utilisateurs, que cette utilisation soit gratuite ou non.<br \/>\nTous les liens ou hyperliens que des tiers incorporent dans leurs pages Web, dirig\u00e9s vers ce site Web, seront destin\u00e9s \u00e0 l&#039;ouverture de la page Web compl\u00e8te et ne pourront pas exprimer, directement ou indirectement, des informations fausses, inexactes ou confuses, ni entra\u00eener des actions injustes ou ill\u00e9gales contre Azulae SL.<\/p>\n<h2>5.- LIMITATION DE RESPONSABILIT\u00c9.<\/h2>\n<p>L&#039;acc\u00e8s au site Web ainsi que toute utilisation non autoris\u00e9e des informations qu&#039;il contient rel\u00e8vent de la seule responsabilit\u00e9 de la personne qui y acc\u00e8de. Azulae SL ne sera pas responsable des cons\u00e9quences, dommages ou pertes pouvant r\u00e9sulter d&#039;un tel acc\u00e8s ou d&#039;une telle utilisation. Azulae SL n&#039;est pas responsable des erreurs de s\u00e9curit\u00e9 qui pourraient survenir ou des dommages qui pourraient \u00eatre caus\u00e9s au syst\u00e8me informatique de l&#039;utilisateur (mat\u00e9riel et logiciel), ou aux fichiers ou documents qui y sont stock\u00e9s, en raison de :<br \/>\n\u2013 la pr\u00e9sence d\u2019un virus sur l\u2019ordinateur de l\u2019utilisateur utilis\u00e9 pour se connecter aux services et contenus du site,<br \/>\n\u2013 un dysfonctionnement du navigateur,<br \/>\n\u2013 et\/ou l\u2019utilisation de versions non mises \u00e0 jour de celles-ci.<br \/>\nAzulae SL n&#039;est pas responsable de la fiabilit\u00e9 et de la rapidit\u00e9 des hyperliens int\u00e9gr\u00e9s au site Web pour ouvrir d&#039;autres sites Web. Azulae SL ne garantit pas l&#039;utilit\u00e9 de ces liens, ni n&#039;est responsable du contenu ou des services auxquels l&#039;utilisateur peut acc\u00e9der via ces liens, ni du bon fonctionnement de ces sites Web.<br \/>\nAzulae SL ne sera pas responsable des virus ou autres programmes informatiques qui endommagent ou peuvent endommager les syst\u00e8mes informatiques ou l&#039;\u00e9quipement des utilisateurs lors de l&#039;acc\u00e8s \u00e0 son site Web ou \u00e0 d&#039;autres sites Web accessibles via des liens sur ce site Web.<\/p>\n<h2>6.- UTILISATION DE LA TECHNOLOGIE \u00ab COOKIE \u00bb.<\/h2>\n<p>Le site Web n&#039;utilise pas de cookies ni aucun autre processus invisible pour collecter des informations pendant que les utilisateurs naviguent sur le site, respectant ainsi \u00e0 tout moment leur confidentialit\u00e9 et leur vie priv\u00e9e.<br \/>\n*SI DES COOKIES SONT UTILIS\u00c9S, VEUILLEZ CONSULTER LA NOTICE D&#039;UTILISATION DES COOKIES. Ce site web utilise des cookies\u00a0; vous pouvez consulter notre Politique relative aux cookies, qui respecte votre confidentialit\u00e9 et votre vie priv\u00e9e \u00e0 tout moment.<\/p>\n<h2>7.- PROPRI\u00c9T\u00c9 INTELLECTUELLE ET INDUSTRIELLE.<\/h2>\n<p>Tous les droits de propri\u00e9t\u00e9 industrielle et intellectuelle sur le site Web, ainsi que sur le contenu qu&#039;il contient, appartiennent \u00e0 Azulae SL. Toute utilisation du site ou de son contenu doit \u00eatre exclusivement r\u00e9serv\u00e9e \u00e0 des fins priv\u00e9es. Toute autre utilisation impliquant la copie, la reproduction, la distribution, la transformation, la communication publique ou toute autre action similaire de tout ou partie du contenu du site Web est r\u00e9serv\u00e9e exclusivement \u00e0 Azulae SL, de sorte qu&#039;aucun utilisateur ne peut effectuer ces actions sans l&#039;autorisation \u00e9crite pr\u00e9alable d&#039;Azulae SL.<\/p>\n<h2>\u00a08.- POLITIQUE DE CONFIDENTIALIT\u00c9 ET DE PROTECTION DES DONN\u00c9ES<\/h2>\n<p>Azulae SL garantit la protection et la confidentialit\u00e9 de toutes les donn\u00e9es personnelles fournies par nos entreprises clientes, conform\u00e9ment aux dispositions de la loi organique 15\/1999 du 13 d\u00e9cembre, sur la protection des donn\u00e9es personnelles.<br \/>\nToutes les donn\u00e9es fournies par nos entreprises clientes \u00e0 Azulae SL ou \u00e0 son personnel seront incluses dans un fichier automatis\u00e9 de donn\u00e9es personnelles cr\u00e9\u00e9 et maintenu sous la responsabilit\u00e9 d&#039;Azulae SL, indispensable pour fournir les services demand\u00e9s par les utilisateurs.<br \/>\nLes donn\u00e9es fournies seront trait\u00e9es conform\u00e9ment au R\u00e8glement sur les mesures de s\u00e9curit\u00e9 (D\u00e9cret royal 1720\/2007 du 21 d\u00e9cembre). Azulae SL a adopt\u00e9 les niveaux de protection requis par la loi et a mis en \u0153uvre toutes les mesures techniques \u00e0 sa disposition pour pr\u00e9venir toute perte, utilisation abusive, alt\u00e9ration et acc\u00e8s non autoris\u00e9 par des tiers. Toutefois, les utilisateurs doivent \u00eatre conscients que les mesures de s\u00e9curit\u00e9 sur Internet ne sont pas infaillibles. Si vous estimez opportun de transf\u00e9rer vos donn\u00e9es personnelles \u00e0 d&#039;autres entit\u00e9s, vous serez inform\u00e9 des donn\u00e9es transf\u00e9r\u00e9es, de la finalit\u00e9 du fichier, ainsi que du nom et de l&#039;adresse du cessionnaire, afin que vous puissiez donner votre consentement sans \u00e9quivoque.<br \/>\nConform\u00e9ment aux dispositions du RGPD, l&#039;utilisateur peut exercer ses droits d&#039;acc\u00e8s, de rectification, d&#039;annulation et d&#039;opposition. Pour ce faire, veuillez nous contacter \u00e0 info@grupoazulae.com<\/p>\n<h2>9.- L\u00c9GISLATION APPLICABLE ET JURIDICTION COMP\u00c9TENTE.<\/h2>\n<p>Cet avis juridique sera interpr\u00e9t\u00e9 et r\u00e9gi conform\u00e9ment au droit espagnol. Azulae SL et les utilisateurs, renon\u00e7ant express\u00e9ment \u00e0 toute autre juridiction qui pourrait leur \u00eatre applicable, se soumettent \u00e0 la juridiction des tribunaux et cours du domicile de l&#039;utilisateur pour tout litige pouvant d\u00e9couler de l&#039;acc\u00e8s ou de l&#039;utilisation du site Web. Dans le cas o\u00f9 l&#039;utilisateur est domicili\u00e9 hors d&#039;Espagne, Azulae SL et l&#039;utilisateur, renon\u00e7ant express\u00e9ment \u00e0 toute autre juridiction, se soumettent aux tribunaux et cours du domicile d&#039;Azulae SL.<\/p>\n<\/div>\n<\/div>\n<\/article>","protected":false},"excerpt":{"rendered":"<p>El presente Aviso Legal regula las condiciones generales de acceso y utilizaci\u00f3n del sitio web accesible en la direcci\u00f3n URL https:\/\/grupoazulae.com (en adelante, el sitio web), que Azulae S.L. pone a disposici\u00f3n de los usuarios de Internet. La utilizaci\u00f3n del sitio web implica la aceptaci\u00f3n plena y sin reservas de todas y cada una de [&hellip;]<\/p>","protected":false},"author":1,"featured_media":0,"parent":0,"menu_order":0,"comment_status":"closed","ping_status":"closed","template":"full-page.php","meta":{"inline_featured_image":false,"footnotes":""},"class_list":["post-3578","page","type-page","status-publish","hentry"],"yoast_head":"<!-- This site is optimized with the Yoast SEO plugin v26.6 - https:\/\/yoast.com\/wordpress\/plugins\/seo\/ -->\n<title>Aviso Legal - Grupo Azulae<\/title>\n<meta name=\"description\" content=\"Aviso Legal - Grupo Azulae\" \/>\n<meta name=\"robots\" content=\"index, follow, max-snippet:-1, max-image-preview:large, max-video-preview:-1\" \/>\n<link rel=\"canonical\" href=\"https:\/\/grupoazulae.com\/fr\/mentions-legales\/\" \/>\n<meta property=\"og:locale\" content=\"fr_FR\" \/>\n<meta property=\"og:type\" content=\"article\" \/>\n<meta property=\"og:title\" content=\"Aviso Legal - Grupo Azulae\" \/>\n<meta property=\"og:description\" content=\"Aviso Legal - Grupo Azulae\" \/>\n<meta property=\"og:url\" content=\"https:\/\/grupoazulae.com\/fr\/mentions-legales\/\" \/>\n<meta property=\"og:site_name\" content=\"Grupo Azulae\" \/>\n<meta property=\"article:publisher\" content=\"https:\/\/www.facebook.com\/grupoazulae\/\" \/>\n<meta property=\"article:modified_time\" content=\"2020-02-10T10:58:04+00:00\" \/>\n<meta name=\"twitter:card\" content=\"summary_large_image\" \/>\n<meta name=\"twitter:site\" content=\"@GrupoAzulae\" \/>\n<meta name=\"twitter:label1\" content=\"Dur\u00e9e de lecture estim\u00e9e\" \/>\n\t<meta name=\"twitter:data1\" content=\"6 minutes\" \/>\n<script type=\"application\/ld+json\" class=\"yoast-schema-graph\">{\"@context\":\"https:\/\/schema.org\",\"@graph\":[{\"@type\":\"WebPage\",\"@id\":\"https:\/\/grupoazulae.com\/aviso-legal\/\",\"url\":\"https:\/\/grupoazulae.com\/aviso-legal\/\",\"name\":\"Aviso Legal - Grupo Azulae\",\"isPartOf\":{\"@id\":\"https:\/\/grupoazulae.com\/#website\"},\"datePublished\":\"2020-02-03T11:07:28+00:00\",\"dateModified\":\"2020-02-10T10:58:04+00:00\",\"description\":\"Aviso Legal - Grupo Azulae\",\"breadcrumb\":{\"@id\":\"https:\/\/grupoazulae.com\/aviso-legal\/#breadcrumb\"},\"inLanguage\":\"fr-FR\",\"potentialAction\":[{\"@type\":\"ReadAction\",\"target\":[\"https:\/\/grupoazulae.com\/aviso-legal\/\"]}]},{\"@type\":\"BreadcrumbList\",\"@id\":\"https:\/\/grupoazulae.com\/aviso-legal\/#breadcrumb\",\"itemListElement\":[{\"@type\":\"ListItem\",\"position\":1,\"name\":\"Portada\",\"item\":\"https:\/\/grupoazulae.com\/\"},{\"@type\":\"ListItem\",\"position\":2,\"name\":\"Aviso Legal\"}]},{\"@type\":\"WebSite\",\"@id\":\"https:\/\/grupoazulae.com\/#website\",\"url\":\"https:\/\/grupoazulae.com\/\",\"name\":\"Grupo Azulae\",\"description\":\"Loving Tech\",\"publisher\":{\"@id\":\"https:\/\/grupoazulae.com\/#organization\"},\"potentialAction\":[{\"@type\":\"SearchAction\",\"target\":{\"@type\":\"EntryPoint\",\"urlTemplate\":\"https:\/\/grupoazulae.com\/?s={search_term_string}\"},\"query-input\":{\"@type\":\"PropertyValueSpecification\",\"valueRequired\":true,\"valueName\":\"search_term_string\"}}],\"inLanguage\":\"fr-FR\"},{\"@type\":\"Organization\",\"@id\":\"https:\/\/grupoazulae.com\/#organization\",\"name\":\"Grupo Azulae\",\"url\":\"https:\/\/grupoazulae.com\/\",\"logo\":{\"@type\":\"ImageObject\",\"inLanguage\":\"fr-FR\",\"@id\":\"https:\/\/grupoazulae.com\/#\/schema\/logo\/image\/\",\"url\":\"https:\/\/grupoazulae.com\/wp-content\/uploads\/2020\/01\/logohead2.png\",\"contentUrl\":\"https:\/\/grupoazulae.com\/wp-content\/uploads\/2020\/01\/logohead2.png\",\"width\":600,\"height\":254,\"caption\":\"Grupo Azulae\"},\"image\":{\"@id\":\"https:\/\/grupoazulae.com\/#\/schema\/logo\/image\/\"},\"sameAs\":[\"https:\/\/www.facebook.com\/grupoazulae\/\",\"https:\/\/x.com\/GrupoAzulae\",\"https:\/\/www.linkedin.com\/company\/azulae\/\"]}]}<\/script>\n<!-- \/ Yoast SEO plugin. -->","yoast_head_json":{"title":"Mentions l\u00e9gales - Groupe Azulae","description":"Mentions l\u00e9gales - Groupe Azulae","robots":{"index":"index","follow":"follow","max-snippet":"max-snippet:-1","max-image-preview":"max-image-preview:large","max-video-preview":"max-video-preview:-1"},"canonical":"https:\/\/grupoazulae.com\/fr\/mentions-legales\/","og_locale":"fr_FR","og_type":"article","og_title":"Aviso Legal - Grupo Azulae","og_description":"Aviso Legal - Grupo Azulae","og_url":"https:\/\/grupoazulae.com\/fr\/mentions-legales\/","og_site_name":"Grupo Azulae","article_publisher":"https:\/\/www.facebook.com\/grupoazulae\/","article_modified_time":"2020-02-10T10:58:04+00:00","twitter_card":"summary_large_image","twitter_site":"@GrupoAzulae","twitter_misc":{"Dur\u00e9e de lecture estim\u00e9e":"6 minutes"},"schema":{"@context":"https:\/\/schema.org","@graph":[{"@type":"WebPage","@id":"https:\/\/grupoazulae.com\/aviso-legal\/","url":"https:\/\/grupoazulae.com\/aviso-legal\/","name":"Mentions l\u00e9gales - Groupe Azulae","isPartOf":{"@id":"https:\/\/grupoazulae.com\/#website"},"datePublished":"2020-02-03T11:07:28+00:00","dateModified":"2020-02-10T10:58:04+00:00","description":"Mentions l\u00e9gales - Groupe Azulae","breadcrumb":{"@id":"https:\/\/grupoazulae.com\/aviso-legal\/#breadcrumb"},"inLanguage":"fr-FR","potentialAction":[{"@type":"ReadAction","target":["https:\/\/grupoazulae.com\/aviso-legal\/"]}]},{"@type":"BreadcrumbList","@id":"https:\/\/grupoazulae.com\/aviso-legal\/#breadcrumb","itemListElement":[{"@type":"ListItem","position":1,"name":"Portada","item":"https:\/\/grupoazulae.com\/"},{"@type":"ListItem","position":2,"name":"Aviso Legal"}]},{"@type":"WebSite","@id":"https:\/\/grupoazulae.com\/#website","url":"https:\/\/grupoazulae.com\/","name":"Groupe Azulae","description":"Aimer la technologie","publisher":{"@id":"https:\/\/grupoazulae.com\/#organization"},"potentialAction":[{"@type":"SearchAction","target":{"@type":"EntryPoint","urlTemplate":"https:\/\/grupoazulae.com\/?s={search_term_string}"},"query-input":{"@type":"PropertyValueSpecification","valueRequired":true,"valueName":"search_term_string"}}],"inLanguage":"fr-FR"},{"@type":"Organization","@id":"https:\/\/grupoazulae.com\/#organization","name":"Groupe Azulae","url":"https:\/\/grupoazulae.com\/","logo":{"@type":"ImageObject","inLanguage":"fr-FR","@id":"https:\/\/grupoazulae.com\/#\/schema\/logo\/image\/","url":"https:\/\/grupoazulae.com\/wp-content\/uploads\/2020\/01\/logohead2.png","contentUrl":"https:\/\/grupoazulae.com\/wp-content\/uploads\/2020\/01\/logohead2.png","width":600,"height":254,"caption":"Grupo Azulae"},"image":{"@id":"https:\/\/grupoazulae.com\/#\/schema\/logo\/image\/"},"sameAs":["https:\/\/www.facebook.com\/grupoazulae\/","https:\/\/x.com\/GrupoAzulae","https:\/\/www.linkedin.com\/company\/azulae\/"]}]}},"_links":{"self":[{"href":"https:\/\/grupoazulae.com\/fr\/wp-json\/wp\/v2\/pages\/3578","targetHints":{"allow":["GET"]}}],"collection":[{"href":"https:\/\/grupoazulae.com\/fr\/wp-json\/wp\/v2\/pages"}],"about":[{"href":"https:\/\/grupoazulae.com\/fr\/wp-json\/wp\/v2\/types\/page"}],"author":[{"embeddable":true,"href":"https:\/\/grupoazulae.com\/fr\/wp-json\/wp\/v2\/users\/1"}],"replies":[{"embeddable":true,"href":"https:\/\/grupoazulae.com\/fr\/wp-json\/wp\/v2\/comments?post=3578"}],"version-history":[{"count":0,"href":"https:\/\/grupoazulae.com\/fr\/wp-json\/wp\/v2\/pages\/3578\/revisions"}],"wp:attachment":[{"href":"https:\/\/grupoazulae.com\/fr\/wp-json\/wp\/v2\/media?parent=3578"}],"curies":[{"name":"wp","href":"https:\/\/api.w.org\/{rel}","templated":true}]}}