{"id":3582,"date":"2020-02-03T11:09:57","date_gmt":"2020-02-03T11:09:57","guid":{"rendered":"http:\/\/grupoazulae.com\/?page_id=3582"},"modified":"2020-02-03T11:10:47","modified_gmt":"2020-02-03T11:10:47","slug":"politique-relative-aux-cookies","status":"publish","type":"page","link":"https:\/\/grupoazulae.com\/fr\/politique-relative-aux-cookies\/","title":{"rendered":"Politique relative aux cookies"},"content":{"rendered":"<div class=\"container\">\n<div id=\"content\" class=\"row\">\n<article id=\"post-3188\" class=\"post-3188 page type-page status-publish hentry\">\n<div class=\"entry-content blog_postcontent\">\n<div id=\"clickdatos\">\n<p>Sur le Web <a href=\"http:\/\/grupoazulae.com\/fr\/\">http:\/\/grupoazulae.com<\/a> Nous utilisons des cookies pour faciliter la relation entre les visiteurs et notre contenu et pour permettre l&#039;\u00e9laboration de statistiques sur les visites. Conform\u00e9ment \u00e0 la directive 2009\/136\/CE, transpos\u00e9e dans notre syst\u00e8me juridique par l&#039;article 22, deuxi\u00e8me alin\u00e9a, de la loi relative aux services de la soci\u00e9t\u00e9 de l&#039;information, et conform\u00e9ment aux directives de l&#039;Agence espagnole de protection des donn\u00e9es, nous vous informons en d\u00e9tail de l&#039;utilisation que vous faites de notre site web.<\/p>\n<p>Les cookies sont de petits fichiers qui sont stock\u00e9s dans le navigateur utilis\u00e9 par chaque visiteur de notre site Web afin que le serveur puisse se souvenir de la visite de cet utilisateur lorsqu&#039;il acc\u00e8de \u00e0 nouveau \u00e0 notre contenu. Ces informations ne r\u00e9v\u00e8lent ni votre identit\u00e9 ni aucune information personnelle, et n&#039;acc\u00e8dent pas au contenu stock\u00e9 sur votre ordinateur. Cependant, elles permettent \u00e0 notre syst\u00e8me de vous identifier comme un utilisateur sp\u00e9cifique ayant d\u00e9j\u00e0 visit\u00e9 le site web, consult\u00e9 certaines pages, etc. et vous permet \u00e9galement de sauvegarder vos pr\u00e9f\u00e9rences personnelles et informations techniques telles que les visites effectu\u00e9es ou les pages sp\u00e9cifiques que vous visitez.<\/p>\n<p>Le but des cookies est de fournir \u00e0 l&#039;Utilisateur un acc\u00e8s plus rapide aux Services s\u00e9lectionn\u00e9s.<\/p>\n<p>Si vous ne souhaitez pas que des cookies soient stock\u00e9s dans votre navigateur ou pr\u00e9f\u00e9rez recevoir des informations \u00e0 chaque fois qu&#039;un cookie demande \u00e0 \u00eatre install\u00e9, vous pouvez configurer vos options de navigation pour le faire. La plupart des navigateurs vous permettent de g\u00e9rer les cookies de trois mani\u00e8res diff\u00e9rentes\u00a0:<\/p>\n<ul>\n<li>Les cookies sont toujours rejet\u00e9s\u00a0;<\/li>\n<li>Le navigateur demande si l&#039;utilisateur souhaite installer chaque cookie ;<\/li>\n<li>Les cookies sont toujours accept\u00e9s ;<\/li>\n<\/ul>\n<p>Votre navigateur peut \u00e9galement vous permettre de s\u00e9lectionner en d\u00e9tail les cookies que vous souhaitez voir install\u00e9s sur votre ordinateur. Plus pr\u00e9cis\u00e9ment, l\u2019utilisateur peut normalement accepter l\u2019une des options suivantes\u00a0:<\/p>\n<ul>\n<li>rejeter les cookies de certains domaines\u00a0;<\/li>\n<li>rejeter les cookies tiers ;<\/li>\n<li>accepter les cookies comme non persistants (supprim\u00e9s \u00e0 la fermeture du navigateur)\u00a0;<\/li>\n<li>permettre au serveur de cr\u00e9er des cookies pour un domaine diff\u00e9rent.<\/li>\n<\/ul>\n<p><strong>Pour autoriser, conna\u00eetre, bloquer ou supprimer les cookies install\u00e9s sur votre ordinateur, vous pouvez le faire en configurant les options du navigateur install\u00e9 sur votre ordinateur.<\/strong><\/p>\n<p>Vous pouvez trouver des informations sur la fa\u00e7on de configurer les navigateurs les plus couramment utilis\u00e9s aux emplacements suivants\u00a0:<\/p>\n<ul>\n<li><strong>Internet Explorer<\/strong>: Outils -&gt; Options Internet -&gt; Confidentialit\u00e9 -&gt; Param\u00e8tres. Pour plus d&#039;informations, vous pouvez consulter le\u00a0<a href=\"http:\/\/windows.microsoft.com\/es-ES\/windows\/support\">Assistance Microsoft<\/a>\u00a0ou l&#039;aide du navigateur.<\/li>\n<li><strong>Firefox<\/strong>: Outils -&gt; Options -&gt; Confidentialit\u00e9 -&gt; Historique -&gt; Param\u00e8tres personnalis\u00e9s. Pour plus d&#039;informations, vous pouvez consulter le\u00a0<a href=\"http:\/\/support.mozilla.org\/es\/home\">Prise en charge de Mozilla<\/a>\u00a0ou l&#039;aide du navigateur.<\/li>\n<li><strong>Chrome<\/strong>: Param\u00e8tres -&gt; Afficher les param\u00e8tres avanc\u00e9s -&gt; Confidentialit\u00e9 -&gt; Param\u00e8tres de contenu. Pour plus d&#039;informations, vous pouvez consulter le\u00a0<a href=\"http:\/\/support.google.com\/chrome\/?hl=es\">Assistance Google<\/a>\u00a0ou l&#039;aide du navigateur.<\/li>\n<li><strong>Safari<\/strong>: Pr\u00e9f\u00e9rences -&gt; S\u00e9curit\u00e9. Pour plus d&#039;informations, vous pouvez consulter le\u00a0<a href=\"http:\/\/www.apple.com\/es\/support\/safari\/\">Assistance Apple<\/a>\u00a0ou l&#039;aide du navigateur.<\/li>\n<\/ul>\n<p>En ce qui concerne les cookies tiers, c&#039;est-\u00e0-dire ceux qui ne font pas partie de notre site Web, nous ne pouvons \u00eatre tenus responsables du contenu et de l&#039;exactitude des politiques de confidentialit\u00e9 qu&#039;ils contiennent, de sorte que les informations que nous fournissons sont toujours bas\u00e9es sur la source.<\/p>\n<p>Ci-dessous, nous fournissons des informations d\u00e9taill\u00e9es sur les cookies qui peuvent \u00eatre install\u00e9s sur notre site Web. En fonction de vos habitudes de navigation, tous ou seulement certains d&#039;entre eux peuvent \u00eatre install\u00e9s.<\/p>\n<p>&nbsp;<\/p>\n<div id=\"listadodecookies\">\n<table>\n<tbody>\n<tr align=\"center\">\n<td>Nom<\/td>\n<td>Cat\u00e9gorie<\/td>\n<td>Description<\/td>\n<td>Propri\u00e9t\u00e9<\/td>\n<td>Dur\u00e9e<\/td>\n<\/tr>\n<tr id=\"_ga\" align=\"center\">\n<td>_G\u00e9orgie<\/td>\n<td>Analyse<\/td>\n<td>Utilis\u00e9 pour distinguer les utilisateurs.<\/td>\n<td>Tierces parties<\/td>\n<td>2 ans<\/td>\n<\/tr>\n<tr id=\"_gid\" align=\"center\">\n<td>_gid<\/td>\n<td>Analyse<\/td>\n<td>Utilis\u00e9 pour distinguer les utilisateurs.<\/td>\n<td>Tierces parties<\/td>\n<td>24 heures<\/td>\n<\/tr>\n<tr id=\"PHPSESSID\" align=\"center\">\n<td>PHPSESSID<\/td>\n<td>Fonctionnalit\u00e9<\/td>\n<td>Ce cookie est utilis\u00e9 par le langage de cryptage PHP pour permettre l&#039;enregistrement des variables de session sur le serveur Web.<\/td>\n<td>Propre<\/td>\n<td>Fin de la session<\/td>\n<\/tr>\n<tr id=\"wordpress_\" align=\"center\">\n<td>wordpress_<\/td>\n<td>Fonctionnalit\u00e9<\/td>\n<td>Il est activ\u00e9 lors de la connexion et enregistre les d\u00e9tails d&#039;authentification.<\/td>\n<td>Propre<\/td>\n<td>1 an<\/td>\n<\/tr>\n<tr id=\"wordpress_logged_in_\" align=\"center\">\n<td>wordpress_connect\u00e9_<\/td>\n<td>Fonctionnalit\u00e9<\/td>\n<td>Il est activ\u00e9 lors de la connexion et enregistre les d\u00e9tails d&#039;authentification.<\/td>\n<td>Propre<\/td>\n<td>1 an<\/td>\n<\/tr>\n<tr id=\"wordpress_test_cookie\" align=\"center\">\n<td>cookie_test_wordpress<\/td>\n<td>Fonctionnalit\u00e9<\/td>\n<td>Il est activ\u00e9 lors de la connexion et enregistre les d\u00e9tails d&#039;authentification.<\/td>\n<td>Propre<\/td>\n<td>1 an<\/td>\n<\/tr>\n<tr id=\"wp-settings-\" align=\"center\">\n<td>param\u00e8tres wp-<\/td>\n<td>Fonctionnalit\u00e9<\/td>\n<td>Il est utilis\u00e9 pour personnaliser l&#039;interface utilisateur.<\/td>\n<td>Propre<\/td>\n<td>1 an<\/td>\n<\/tr>\n<tr id=\"wp-settings-time-\" align=\"center\">\n<td>wp-settings-time-<\/td>\n<td>Fonctionnalit\u00e9<\/td>\n<td>Il est utilis\u00e9 pour personnaliser l&#039;interface utilisateur.<\/td>\n<td>Propre<\/td>\n<td>Fin de la session<\/td>\n<\/tr>\n<\/tbody>\n<\/table>\n<\/div>\n<p>Cette politique relative aux cookies est susceptible d&#039;\u00eatre modifi\u00e9e en fonction des exigences l\u00e9gislatives ou r\u00e9glementaires, ou afin de l&#039;adapter aux instructions de l&#039;Agence espagnole de protection des donn\u00e9es. Il est donc conseill\u00e9 aux utilisateurs de la consulter r\u00e9guli\u00e8rement.<\/p>\n<p>Lorsque des modifications importantes sont apport\u00e9es \u00e0 cette politique en mati\u00e8re de cookies, les utilisateurs en seront inform\u00e9s soit via le site Web, soit par courrier \u00e9lectronique aux utilisateurs enregistr\u00e9s.<\/p>\n<\/div>\n<\/div>\n<\/article>\n<\/div>\n<\/div>","protected":false},"excerpt":{"rendered":"<p>En la web http:\/\/grupoazulae.com utilizamos cookies para facilitar la relaci\u00f3n de los visitantes con nuestro contenido y para permitir elaborar estad\u00edsticas sobre las visitantes que recibimos.En cumplimiento de la Directiva 2009\/136\/CE, desarrollada en nuestro ordenamiento por el apartado segundo del art\u00edculo 22 de la Ley de Servicios de Sociedad de la Informaci\u00f3n, siguiendo las directrices [&hellip;]<\/p>","protected":false},"author":1,"featured_media":0,"parent":0,"menu_order":0,"comment_status":"closed","ping_status":"closed","template":"full-page.php","meta":{"inline_featured_image":false,"footnotes":""},"class_list":["post-3582","page","type-page","status-publish","hentry"],"yoast_head":"<!-- This site is optimized with the Yoast SEO plugin v26.6 - https:\/\/yoast.com\/wordpress\/plugins\/seo\/ -->\n<title>Pol\u00edtica de Cookies - Grupo Azulae<\/title>\n<meta name=\"description\" content=\"Pol\u00edtica de Cookies - Grupo Azulae\" \/>\n<meta name=\"robots\" content=\"index, follow, max-snippet:-1, max-image-preview:large, max-video-preview:-1\" \/>\n<link rel=\"canonical\" href=\"https:\/\/grupoazulae.com\/fr\/politique-relative-aux-cookies\/\" \/>\n<meta property=\"og:locale\" content=\"fr_FR\" \/>\n<meta property=\"og:type\" content=\"article\" \/>\n<meta property=\"og:title\" content=\"Pol\u00edtica de Cookies - Grupo Azulae\" \/>\n<meta property=\"og:description\" content=\"Pol\u00edtica de Cookies - Grupo Azulae\" \/>\n<meta property=\"og:url\" content=\"https:\/\/grupoazulae.com\/fr\/politique-relative-aux-cookies\/\" \/>\n<meta property=\"og:site_name\" content=\"Grupo Azulae\" \/>\n<meta property=\"article:publisher\" content=\"https:\/\/www.facebook.com\/grupoazulae\/\" \/>\n<meta property=\"article:modified_time\" content=\"2020-02-03T11:10:47+00:00\" \/>\n<meta name=\"twitter:card\" content=\"summary_large_image\" \/>\n<meta name=\"twitter:site\" content=\"@GrupoAzulae\" \/>\n<meta name=\"twitter:label1\" content=\"Dur\u00e9e de lecture estim\u00e9e\" \/>\n\t<meta name=\"twitter:data1\" content=\"4 minutes\" \/>\n<script type=\"application\/ld+json\" class=\"yoast-schema-graph\">{\"@context\":\"https:\/\/schema.org\",\"@graph\":[{\"@type\":\"WebPage\",\"@id\":\"https:\/\/grupoazulae.com\/politica-de-cookies\/\",\"url\":\"https:\/\/grupoazulae.com\/politica-de-cookies\/\",\"name\":\"Pol\u00edtica de Cookies - Grupo Azulae\",\"isPartOf\":{\"@id\":\"https:\/\/grupoazulae.com\/#website\"},\"datePublished\":\"2020-02-03T11:09:57+00:00\",\"dateModified\":\"2020-02-03T11:10:47+00:00\",\"description\":\"Pol\u00edtica de Cookies - Grupo Azulae\",\"breadcrumb\":{\"@id\":\"https:\/\/grupoazulae.com\/politica-de-cookies\/#breadcrumb\"},\"inLanguage\":\"fr-FR\",\"potentialAction\":[{\"@type\":\"ReadAction\",\"target\":[\"https:\/\/grupoazulae.com\/politica-de-cookies\/\"]}]},{\"@type\":\"BreadcrumbList\",\"@id\":\"https:\/\/grupoazulae.com\/politica-de-cookies\/#breadcrumb\",\"itemListElement\":[{\"@type\":\"ListItem\",\"position\":1,\"name\":\"Portada\",\"item\":\"https:\/\/grupoazulae.com\/\"},{\"@type\":\"ListItem\",\"position\":2,\"name\":\"Pol\u00edtica de Cookies\"}]},{\"@type\":\"WebSite\",\"@id\":\"https:\/\/grupoazulae.com\/#website\",\"url\":\"https:\/\/grupoazulae.com\/\",\"name\":\"Grupo Azulae\",\"description\":\"Loving Tech\",\"publisher\":{\"@id\":\"https:\/\/grupoazulae.com\/#organization\"},\"potentialAction\":[{\"@type\":\"SearchAction\",\"target\":{\"@type\":\"EntryPoint\",\"urlTemplate\":\"https:\/\/grupoazulae.com\/?s={search_term_string}\"},\"query-input\":{\"@type\":\"PropertyValueSpecification\",\"valueRequired\":true,\"valueName\":\"search_term_string\"}}],\"inLanguage\":\"fr-FR\"},{\"@type\":\"Organization\",\"@id\":\"https:\/\/grupoazulae.com\/#organization\",\"name\":\"Grupo Azulae\",\"url\":\"https:\/\/grupoazulae.com\/\",\"logo\":{\"@type\":\"ImageObject\",\"inLanguage\":\"fr-FR\",\"@id\":\"https:\/\/grupoazulae.com\/#\/schema\/logo\/image\/\",\"url\":\"https:\/\/grupoazulae.com\/wp-content\/uploads\/2020\/01\/logohead2.png\",\"contentUrl\":\"https:\/\/grupoazulae.com\/wp-content\/uploads\/2020\/01\/logohead2.png\",\"width\":600,\"height\":254,\"caption\":\"Grupo Azulae\"},\"image\":{\"@id\":\"https:\/\/grupoazulae.com\/#\/schema\/logo\/image\/\"},\"sameAs\":[\"https:\/\/www.facebook.com\/grupoazulae\/\",\"https:\/\/x.com\/GrupoAzulae\",\"https:\/\/www.linkedin.com\/company\/azulae\/\"]}]}<\/script>\n<!-- \/ Yoast SEO plugin. -->","yoast_head_json":{"title":"Politique relative aux cookies - Groupe Azulae","description":"Politique relative aux cookies - Groupe Azulae","robots":{"index":"index","follow":"follow","max-snippet":"max-snippet:-1","max-image-preview":"max-image-preview:large","max-video-preview":"max-video-preview:-1"},"canonical":"https:\/\/grupoazulae.com\/fr\/politique-relative-aux-cookies\/","og_locale":"fr_FR","og_type":"article","og_title":"Pol\u00edtica de Cookies - Grupo Azulae","og_description":"Pol\u00edtica de Cookies - Grupo Azulae","og_url":"https:\/\/grupoazulae.com\/fr\/politique-relative-aux-cookies\/","og_site_name":"Grupo Azulae","article_publisher":"https:\/\/www.facebook.com\/grupoazulae\/","article_modified_time":"2020-02-03T11:10:47+00:00","twitter_card":"summary_large_image","twitter_site":"@GrupoAzulae","twitter_misc":{"Dur\u00e9e de lecture estim\u00e9e":"4 minutes"},"schema":{"@context":"https:\/\/schema.org","@graph":[{"@type":"WebPage","@id":"https:\/\/grupoazulae.com\/politica-de-cookies\/","url":"https:\/\/grupoazulae.com\/politica-de-cookies\/","name":"Politique relative aux cookies - Groupe Azulae","isPartOf":{"@id":"https:\/\/grupoazulae.com\/#website"},"datePublished":"2020-02-03T11:09:57+00:00","dateModified":"2020-02-03T11:10:47+00:00","description":"Politique relative aux cookies - Groupe Azulae","breadcrumb":{"@id":"https:\/\/grupoazulae.com\/politica-de-cookies\/#breadcrumb"},"inLanguage":"fr-FR","potentialAction":[{"@type":"ReadAction","target":["https:\/\/grupoazulae.com\/politica-de-cookies\/"]}]},{"@type":"BreadcrumbList","@id":"https:\/\/grupoazulae.com\/politica-de-cookies\/#breadcrumb","itemListElement":[{"@type":"ListItem","position":1,"name":"Portada","item":"https:\/\/grupoazulae.com\/"},{"@type":"ListItem","position":2,"name":"Pol\u00edtica de Cookies"}]},{"@type":"WebSite","@id":"https:\/\/grupoazulae.com\/#website","url":"https:\/\/grupoazulae.com\/","name":"Groupe Azulae","description":"Aimer la technologie","publisher":{"@id":"https:\/\/grupoazulae.com\/#organization"},"potentialAction":[{"@type":"SearchAction","target":{"@type":"EntryPoint","urlTemplate":"https:\/\/grupoazulae.com\/?s={search_term_string}"},"query-input":{"@type":"PropertyValueSpecification","valueRequired":true,"valueName":"search_term_string"}}],"inLanguage":"fr-FR"},{"@type":"Organization","@id":"https:\/\/grupoazulae.com\/#organization","name":"Groupe Azulae","url":"https:\/\/grupoazulae.com\/","logo":{"@type":"ImageObject","inLanguage":"fr-FR","@id":"https:\/\/grupoazulae.com\/#\/schema\/logo\/image\/","url":"https:\/\/grupoazulae.com\/wp-content\/uploads\/2020\/01\/logohead2.png","contentUrl":"https:\/\/grupoazulae.com\/wp-content\/uploads\/2020\/01\/logohead2.png","width":600,"height":254,"caption":"Grupo Azulae"},"image":{"@id":"https:\/\/grupoazulae.com\/#\/schema\/logo\/image\/"},"sameAs":["https:\/\/www.facebook.com\/grupoazulae\/","https:\/\/x.com\/GrupoAzulae","https:\/\/www.linkedin.com\/company\/azulae\/"]}]}},"_links":{"self":[{"href":"https:\/\/grupoazulae.com\/fr\/wp-json\/wp\/v2\/pages\/3582","targetHints":{"allow":["GET"]}}],"collection":[{"href":"https:\/\/grupoazulae.com\/fr\/wp-json\/wp\/v2\/pages"}],"about":[{"href":"https:\/\/grupoazulae.com\/fr\/wp-json\/wp\/v2\/types\/page"}],"author":[{"embeddable":true,"href":"https:\/\/grupoazulae.com\/fr\/wp-json\/wp\/v2\/users\/1"}],"replies":[{"embeddable":true,"href":"https:\/\/grupoazulae.com\/fr\/wp-json\/wp\/v2\/comments?post=3582"}],"version-history":[{"count":0,"href":"https:\/\/grupoazulae.com\/fr\/wp-json\/wp\/v2\/pages\/3582\/revisions"}],"wp:attachment":[{"href":"https:\/\/grupoazulae.com\/fr\/wp-json\/wp\/v2\/media?parent=3582"}],"curies":[{"name":"wp","href":"https:\/\/api.w.org\/{rel}","templated":true}]}}