{"id":3809,"date":"2020-02-19T16:51:08","date_gmt":"2020-02-19T16:51:08","guid":{"rendered":"https:\/\/grupoazulae.com\/?page_id=3809"},"modified":"2020-02-19T16:51:08","modified_gmt":"2020-02-19T16:51:08","slug":"offre-demploi-pour-programmeur-python","status":"publish","type":"page","link":"https:\/\/grupoazulae.com\/fr\/offre-demploi-pour-programmeur-python\/","title":{"rendered":"Offre d&#039;emploi : Programmeur Python"},"content":{"rendered":"<h3>Description<\/h3>\n<p>Chez Azulae, nous recherchons un Programmeur ou Analyste en technologie Python pour agrandir nos \u00e9quipes.<\/p>\n<p>Nous r\u00e9alisons des projets sur mesure pour des clients de haut niveau. Et nous avons plusieurs de nos propres produits avec un potentiel important et sommes leaders dans leur secteur.<\/p>\n<p>Nous \u00e9valuerons :<\/p>\n<p>Exp\u00e9rience front-end (HTML, CSS et JavaScript)<br \/>\nBonnes connaissances en d\u00e9veloppement, orientation objet, MVC\u2026<br \/>\nConnaissances et exp\u00e9rience avec les services Web (SOAP\/REST), WSDL, XML, JSON.<br \/>\nExp\u00e9rience avec les bases de donn\u00e9es relationnelles et SQL.<br \/>\nExp\u00e9rience avec les syst\u00e8mes de contr\u00f4le de version (GIT) et back-end (Spring, Hibernate, Struts, Laravel\u2026).<\/p>\n<p>Nous appr\u00e9cierons grandement votre attitude, votre curiosit\u00e9 d\u2019apprendre, votre volont\u00e9, votre d\u00e9sir de grandir et votre volont\u00e9 de rejoindre une \u00e9quipe en pleine croissance.<\/p>\n<p>Que pouvons-nous vous offrir ?<\/p>\n<ul>\n<li>Rejoignez une entreprise avec acc\u00e8s \u00e0 des projets stimulants pour des clients leaders dans leurs secteurs.<\/li>\n<li>Une carri\u00e8re sur mesure pour vous.<\/li>\n<li>R\u00e9mun\u00e9ration comp\u00e9titive et acc\u00e8s \u00e0 des plans de r\u00e9mun\u00e9ration flexibles.<\/li>\n<li>Formation continue.<\/li>\n<li>Horaires flexibles.<\/li>\n<\/ul>\n<p>&nbsp;<\/p>\n<h4>\u00c9tudes minimales<\/h4>\n<p>Formation professionnelle sup\u00e9rieure<\/p>\n<h4>Exp\u00e9rience minimale<\/h4>\n<p>Au moins 3 ans<\/p>\n<h4>Connaissances n\u00e9cessaires<\/h4>\n<p>Python<br \/>\nGestion de base de donn\u00e9es<br \/>\nHTML5<br \/>\nJavaScript<\/p>\n<h4>Exigences minimales<\/h4>\n<ul>\n<li>Au moins 2 ans en d\u00e9veloppement Python<\/li>\n<li>Exp\u00e9rience en service Web et SQL<\/li>\n<\/ul>\n<p>&nbsp;<\/p>\n<h4>Type d&#039;industrie d&#039;approvisionnement<\/h4>\n<p>Technologies de l&#039;information et services<\/p>\n<h4><strong>Niveau<\/strong><\/h4>\n<p>Employ\u00e9<\/p>\n<h4>Personnel responsable<\/h4>\n<p>1 \u2013 5<\/p>\n<h4>Nombre de postes vacants<\/h4>\n<p>1<\/p>\n<h4>Salaire<\/h4>\n<p>Salaire : 18 000 \u20ac \u2013 24 000 \u20ac Brut\/an<\/p>\n<h4>Avantages sociaux<\/h4>\n<p>Horaires flexibles<br \/>\nT\u00e9l\u00e9travail<\/p>","protected":false},"excerpt":{"rendered":"<p>Description Chez Azulae, nous recherchons un programmeur\/analyste Python pour renforcer notre \u00e9quipe. Nous d\u00e9veloppons des projets sur mesure pour des clients de premier plan. Nous proposons \u00e9galement plusieurs produits propri\u00e9taires \u00e0 fort potentiel et sommes leaders dans leur secteur. Nous valorisons\u00a0: une exp\u00e9rience front-end (HTML, CSS et JavaScript) et de solides comp\u00e9tences en d\u00e9veloppement, [\u2026]<\/p>","protected":false},"author":1,"featured_media":0,"parent":0,"menu_order":0,"comment_status":"closed","ping_status":"closed","template":"full-page.php","meta":{"inline_featured_image":false,"footnotes":""},"class_list":["post-3809","page","type-page","status-publish","hentry"],"yoast_head":"<!-- This site is optimized with the Yoast SEO plugin v26.6 - https:\/\/yoast.com\/wordpress\/plugins\/seo\/ -->\n<title>Oferta de empleo Programador Python - Grupo Azulae<\/title>\n<meta name=\"description\" content=\"Oferta de empleo Programador Python - Grupo Azulae\" \/>\n<meta name=\"robots\" content=\"index, follow, max-snippet:-1, max-image-preview:large, max-video-preview:-1\" \/>\n<link rel=\"canonical\" href=\"https:\/\/grupoazulae.com\/fr\/offre-demploi-pour-programmeur-python\/\" \/>\n<meta property=\"og:locale\" content=\"fr_FR\" \/>\n<meta property=\"og:type\" content=\"article\" \/>\n<meta property=\"og:title\" content=\"Oferta de empleo Programador Python - Grupo Azulae\" \/>\n<meta property=\"og:description\" content=\"Oferta de empleo Programador Python - Grupo Azulae\" \/>\n<meta property=\"og:url\" content=\"https:\/\/grupoazulae.com\/fr\/offre-demploi-pour-programmeur-python\/\" \/>\n<meta property=\"og:site_name\" content=\"Grupo Azulae\" \/>\n<meta property=\"article:publisher\" content=\"https:\/\/www.facebook.com\/grupoazulae\/\" \/>\n<meta name=\"twitter:card\" content=\"summary_large_image\" \/>\n<meta name=\"twitter:site\" content=\"@GrupoAzulae\" \/>\n<meta name=\"twitter:label1\" content=\"Dur\u00e9e de lecture estim\u00e9e\" \/>\n\t<meta name=\"twitter:data1\" content=\"1 minute\" \/>\n<script type=\"application\/ld+json\" class=\"yoast-schema-graph\">{\"@context\":\"https:\/\/schema.org\",\"@graph\":[{\"@type\":\"WebPage\",\"@id\":\"https:\/\/grupoazulae.com\/oferta-de-empleo-programador-python\/\",\"url\":\"https:\/\/grupoazulae.com\/oferta-de-empleo-programador-python\/\",\"name\":\"Oferta de empleo Programador Python - Grupo Azulae\",\"isPartOf\":{\"@id\":\"https:\/\/grupoazulae.com\/#website\"},\"datePublished\":\"2020-02-19T16:51:08+00:00\",\"description\":\"Oferta de empleo Programador Python - Grupo Azulae\",\"breadcrumb\":{\"@id\":\"https:\/\/grupoazulae.com\/oferta-de-empleo-programador-python\/#breadcrumb\"},\"inLanguage\":\"fr-FR\",\"potentialAction\":[{\"@type\":\"ReadAction\",\"target\":[\"https:\/\/grupoazulae.com\/oferta-de-empleo-programador-python\/\"]}]},{\"@type\":\"BreadcrumbList\",\"@id\":\"https:\/\/grupoazulae.com\/oferta-de-empleo-programador-python\/#breadcrumb\",\"itemListElement\":[{\"@type\":\"ListItem\",\"position\":1,\"name\":\"Portada\",\"item\":\"https:\/\/grupoazulae.com\/\"},{\"@type\":\"ListItem\",\"position\":2,\"name\":\"Oferta de empleo Programador Python\"}]},{\"@type\":\"WebSite\",\"@id\":\"https:\/\/grupoazulae.com\/#website\",\"url\":\"https:\/\/grupoazulae.com\/\",\"name\":\"Grupo Azulae\",\"description\":\"Loving Tech\",\"publisher\":{\"@id\":\"https:\/\/grupoazulae.com\/#organization\"},\"potentialAction\":[{\"@type\":\"SearchAction\",\"target\":{\"@type\":\"EntryPoint\",\"urlTemplate\":\"https:\/\/grupoazulae.com\/?s={search_term_string}\"},\"query-input\":{\"@type\":\"PropertyValueSpecification\",\"valueRequired\":true,\"valueName\":\"search_term_string\"}}],\"inLanguage\":\"fr-FR\"},{\"@type\":\"Organization\",\"@id\":\"https:\/\/grupoazulae.com\/#organization\",\"name\":\"Grupo Azulae\",\"url\":\"https:\/\/grupoazulae.com\/\",\"logo\":{\"@type\":\"ImageObject\",\"inLanguage\":\"fr-FR\",\"@id\":\"https:\/\/grupoazulae.com\/#\/schema\/logo\/image\/\",\"url\":\"https:\/\/grupoazulae.com\/wp-content\/uploads\/2020\/01\/logohead2.png\",\"contentUrl\":\"https:\/\/grupoazulae.com\/wp-content\/uploads\/2020\/01\/logohead2.png\",\"width\":600,\"height\":254,\"caption\":\"Grupo Azulae\"},\"image\":{\"@id\":\"https:\/\/grupoazulae.com\/#\/schema\/logo\/image\/\"},\"sameAs\":[\"https:\/\/www.facebook.com\/grupoazulae\/\",\"https:\/\/x.com\/GrupoAzulae\",\"https:\/\/www.linkedin.com\/company\/azulae\/\"]}]}<\/script>\n<!-- \/ Yoast SEO plugin. -->","yoast_head_json":{"title":"Offre d&#039;emploi\u00a0: programmeur Python \u2013 Groupe Azulae","description":"Offre d&#039;emploi\u00a0: programmeur Python \u2013 Groupe Azulae","robots":{"index":"index","follow":"follow","max-snippet":"max-snippet:-1","max-image-preview":"max-image-preview:large","max-video-preview":"max-video-preview:-1"},"canonical":"https:\/\/grupoazulae.com\/fr\/offre-demploi-pour-programmeur-python\/","og_locale":"fr_FR","og_type":"article","og_title":"Oferta de empleo Programador Python - Grupo Azulae","og_description":"Oferta de empleo Programador Python - Grupo Azulae","og_url":"https:\/\/grupoazulae.com\/fr\/offre-demploi-pour-programmeur-python\/","og_site_name":"Grupo Azulae","article_publisher":"https:\/\/www.facebook.com\/grupoazulae\/","twitter_card":"summary_large_image","twitter_site":"@GrupoAzulae","twitter_misc":{"Dur\u00e9e de lecture estim\u00e9e":"1 minute"},"schema":{"@context":"https:\/\/schema.org","@graph":[{"@type":"WebPage","@id":"https:\/\/grupoazulae.com\/oferta-de-empleo-programador-python\/","url":"https:\/\/grupoazulae.com\/oferta-de-empleo-programador-python\/","name":"Offre d&#039;emploi\u00a0: programmeur Python \u2013 Groupe Azulae","isPartOf":{"@id":"https:\/\/grupoazulae.com\/#website"},"datePublished":"2020-02-19T16:51:08+00:00","description":"Offre d&#039;emploi\u00a0: programmeur Python \u2013 Groupe Azulae","breadcrumb":{"@id":"https:\/\/grupoazulae.com\/oferta-de-empleo-programador-python\/#breadcrumb"},"inLanguage":"fr-FR","potentialAction":[{"@type":"ReadAction","target":["https:\/\/grupoazulae.com\/oferta-de-empleo-programador-python\/"]}]},{"@type":"BreadcrumbList","@id":"https:\/\/grupoazulae.com\/oferta-de-empleo-programador-python\/#breadcrumb","itemListElement":[{"@type":"ListItem","position":1,"name":"Portada","item":"https:\/\/grupoazulae.com\/"},{"@type":"ListItem","position":2,"name":"Oferta de empleo Programador Python"}]},{"@type":"WebSite","@id":"https:\/\/grupoazulae.com\/#website","url":"https:\/\/grupoazulae.com\/","name":"Groupe Azulae","description":"Aimer la technologie","publisher":{"@id":"https:\/\/grupoazulae.com\/#organization"},"potentialAction":[{"@type":"SearchAction","target":{"@type":"EntryPoint","urlTemplate":"https:\/\/grupoazulae.com\/?s={search_term_string}"},"query-input":{"@type":"PropertyValueSpecification","valueRequired":true,"valueName":"search_term_string"}}],"inLanguage":"fr-FR"},{"@type":"Organization","@id":"https:\/\/grupoazulae.com\/#organization","name":"Groupe Azulae","url":"https:\/\/grupoazulae.com\/","logo":{"@type":"ImageObject","inLanguage":"fr-FR","@id":"https:\/\/grupoazulae.com\/#\/schema\/logo\/image\/","url":"https:\/\/grupoazulae.com\/wp-content\/uploads\/2020\/01\/logohead2.png","contentUrl":"https:\/\/grupoazulae.com\/wp-content\/uploads\/2020\/01\/logohead2.png","width":600,"height":254,"caption":"Grupo Azulae"},"image":{"@id":"https:\/\/grupoazulae.com\/#\/schema\/logo\/image\/"},"sameAs":["https:\/\/www.facebook.com\/grupoazulae\/","https:\/\/x.com\/GrupoAzulae","https:\/\/www.linkedin.com\/company\/azulae\/"]}]}},"_links":{"self":[{"href":"https:\/\/grupoazulae.com\/fr\/wp-json\/wp\/v2\/pages\/3809","targetHints":{"allow":["GET"]}}],"collection":[{"href":"https:\/\/grupoazulae.com\/fr\/wp-json\/wp\/v2\/pages"}],"about":[{"href":"https:\/\/grupoazulae.com\/fr\/wp-json\/wp\/v2\/types\/page"}],"author":[{"embeddable":true,"href":"https:\/\/grupoazulae.com\/fr\/wp-json\/wp\/v2\/users\/1"}],"replies":[{"embeddable":true,"href":"https:\/\/grupoazulae.com\/fr\/wp-json\/wp\/v2\/comments?post=3809"}],"version-history":[{"count":0,"href":"https:\/\/grupoazulae.com\/fr\/wp-json\/wp\/v2\/pages\/3809\/revisions"}],"wp:attachment":[{"href":"https:\/\/grupoazulae.com\/fr\/wp-json\/wp\/v2\/media?parent=3809"}],"curies":[{"name":"wp","href":"https:\/\/api.w.org\/{rel}","templated":true}]}}