{"id":4906,"date":"2022-04-28T11:31:15","date_gmt":"2022-04-28T11:31:15","guid":{"rendered":"https:\/\/grupoazulae.com\/?page_id=4906"},"modified":"2022-04-28T14:29:29","modified_gmt":"2022-04-28T14:29:29","slug":"mise-en-oeuvre-de-solutions-de-teletravail-et-dentrepreneuriat-numerique","status":"publish","type":"page","link":"https:\/\/grupoazulae.com\/fr\/mise-en-oeuvre-de-solutions-de-teletravail-et-dentrepreneuriat-numerique\/","title":{"rendered":"Mise en \u0153uvre de solutions de t\u00e9l\u00e9travail et d&#039;entrepreneuriat num\u00e9rique"},"content":{"rendered":"<div class=\"wpb-content-wrapper\"><div class=\"vc_row wpb_row vc_row-fluid vc_custom_1651149262009\"><div class=\"wpb_column vc_column_container vc_col-sm-12\"><div class=\"vc_column-inner\"><div class=\"wpb_wrapper\">\n\t<div class=\"wpb_text_column wpb_content_element\" >\n\t\t<div class=\"wpb_wrapper\">\n\t\t\t<h4 style=\"line-height: 56px;\"><strong>DESCRIPTION DE L&#039;OP\u00c9RATION :<\/strong><\/h4>\n<p>Des programmes de soutien seront mis en place pour promouvoir les services TIC avanc\u00e9s, gr\u00e2ce \u00e0 l&#039;application de connaissances et de nouvelles techniques en mati\u00e8re d&#039;innovation commerciale. Ces programmes permettront la mise en \u0153uvre d&#039;outils facilitant le t\u00e9l\u00e9travail et stimulant l&#039;entrepreneuriat num\u00e9rique au sein des entreprises de la Communaut\u00e9 autonome d&#039;Estr\u00e9madure. L&#039;objectif principal est d&#039;am\u00e9liorer, par le biais des technologies num\u00e9riques, la productivit\u00e9 et la comp\u00e9titivit\u00e9 des entreprises, ainsi que de proposer des alternatives au mod\u00e8le traditionnel de travail en pr\u00e9sentiel, contribuant ainsi \u00e0 renforcer et \u00e0 acc\u00e9l\u00e9rer leur croissance.<\/p>\n<p>Deux axes d&#039;action seront mis en place\u00a0:<\/p>\n<ol>\n<li>Optimisation du t\u00e9l\u00e9travail\u00a0: connectivit\u00e9 et bureau dans le cloud.<\/li>\n<li>Stimuler l&#039;entrepreneuriat num\u00e9rique.<\/li>\n<\/ol>\n\n\t\t<\/div>\n\t<\/div>\n\n\t<div class=\"wpb_text_column wpb_content_element\" >\n\t\t<div class=\"wpb_wrapper\">\n\t\t\t<h4 style=\"line-height: 56px;\"><strong>DESCRIPTION DU PROJET :<\/strong><\/h4>\n<p>Utilisation d&#039;\u00e9quipements informatiques pour le traitement de la blockchain afin d&#039;\u00e9tudier la faisabilit\u00e9 de l&#039;utilisation de l&#039;\u00e9nergie solaire pour le traitement de la blockchain dans ses diff\u00e9rents domaines.<\/p>\n\n\t\t<\/div>\n\t<\/div>\n<\/div><\/div><\/div><\/div><div class=\"vc_row wpb_row vc_row-fluid vc_custom_1651156160018 vc_column-gap-30\"><div class=\"wpb_column vc_column_container vc_col-sm-7 vc_col-has-fill\"><div class=\"vc_column-inner vc_custom_1651149091748\"><div class=\"wpb_wrapper\">\n\t<div class=\"wpb_text_column wpb_content_element\" >\n\t\t<div class=\"wpb_wrapper\">\n\t\t\t<h4 style=\"line-height: 56px;\"><strong>OBJECTIFS:<\/strong><\/h4>\n<p>Nous pensons que le d\u00e9veloppement de cette solution technologique nous permettra de proposer un produit \u00e0 vendre non seulement aux entreprises, mais aussi aux particuliers\u00a0; un produit enti\u00e8rement cr\u00e9\u00e9 en Estr\u00e9madure par une entreprise estr\u00e9madurienne qui, associ\u00e9 au travail commercial, publicitaire et marketing de notre soci\u00e9t\u00e9, pourra non seulement nous apporter des avantages \u00e9conomiques, mais aussi nous positionner de mani\u00e8re pertinente et diff\u00e9renciante parmi les entreprises de notre secteur, non seulement au niveau r\u00e9gional, mais aussi au niveau national.<\/p>\n\n\t\t<\/div>\n\t<\/div>\n\n\t<div class=\"wpb_text_column wpb_content_element\" >\n\t\t<div class=\"wpb_wrapper\">\n\t\t\t<h6 style=\"line-height: 42px;\"><strong>BASE R\u00c9GLEMENTAIRE : <\/strong>Arr\u00eat\u00e9 du 9 septembre 2020.<\/h6>\n<h6 style=\"line-height: 42px;\"><strong>BUDGET:\u00a0<\/strong>7.564,00\u20ac \u20ac.<\/h6>\n<h6 style=\"line-height: 42px;\"><strong>AIDE RE\u00c7UE : <\/strong>6.000,00 \u20ac.<\/h6>\n<h6 style=\"line-height: 42px;\"><strong>ARRI\u00c8RE-PLAN: <\/strong>Fonds europ\u00e9en de d\u00e9veloppement r\u00e9gional (FEDER).<\/h6>\n\n\t\t<\/div>\n\t<\/div>\n<\/div><\/div><\/div><div class=\"wpb_column vc_column_container vc_col-sm-5\"><div class=\"vc_column-inner\"><div class=\"wpb_wrapper\">\n\t<div class=\"wpb_text_column wpb_content_element\" >\n\t\t<div class=\"wpb_wrapper\">\n\t\t\t<h4 style=\"line-height: 56px;\"><strong>R\u00c9SULTATS ATTENDUS :<\/strong><\/h4>\n<p>Augmenter les ventes, \u00e9largir la client\u00e8le et franchir une nouvelle \u00e9tape pour l&#039;entreprise afin d&#039;acqu\u00e9rir le statut d&#039;entreprise technologique aux niveaux r\u00e9gional et national.<\/p>\n\n\t\t<\/div>\n\t<\/div>\n\n\t<div  class=\"wpb_single_image wpb_content_element vc_align_left wpb_content_element\">\n\t\t\n\t\t<figure class=\"wpb_wrapper vc_figure\">\n\t\t\t<div class=\"vc_single_image-wrapper   vc_box_border_grey\"><img loading=\"lazy\" decoding=\"async\" width=\"665\" height=\"81\" src=\"https:\/\/grupoazulae.com\/wp-content\/uploads\/2022\/04\/logo-ag-juntaex.png\" class=\"vc_single_image-img attachment-full\" alt=\"\" title=\"logo-ag-juntaex\" srcset=\"https:\/\/grupoazulae.com\/wp-content\/uploads\/2022\/04\/logo-ag-juntaex.png 665w, https:\/\/grupoazulae.com\/wp-content\/uploads\/2022\/04\/logo-ag-juntaex-300x37.png 300w\" sizes=\"auto, 100vw\" \/><\/div>\n\t\t<\/figure>\n\t<\/div>\n<\/div><\/div><\/div><\/div>\n<\/div>","protected":false},"excerpt":{"rendered":"DESCRIPCI\u00d3N DE LA OPERACI\u00d3N: Se pondr\u00e1n en marcha l\u00edneas de ayuda para el fomento de los servicios avanzados en materia TIC, mediante la aplicaci\u00f3n de conocimiento y nuevas t\u00e9cnicas en el \u00e1mbito de la innovaci\u00f3n empresarial que permitan la implantaci\u00f3n de herramientas destinadas a facilitar el desempe\u00f1o del teletrabajo y den un impulso al emprendimiento [...]","protected":false},"author":1,"featured_media":0,"parent":0,"menu_order":0,"comment_status":"closed","ping_status":"closed","template":"full-page.php","meta":{"inline_featured_image":false,"footnotes":""},"class_list":["post-4906","page","type-page","status-publish","hentry"],"yoast_head":"<!-- This site is optimized with the Yoast SEO plugin v26.6 - https:\/\/yoast.com\/wordpress\/plugins\/seo\/ -->\n<title>Implantaci\u00f3n de soluciones de teletrabajo y emprendimiento digital - Grupo Azulae<\/title>\n<meta name=\"description\" content=\"Implantaci\u00f3n de soluciones de teletrabajo y emprendimiento digital - Grupo Azulae\" \/>\n<meta name=\"robots\" content=\"index, follow, max-snippet:-1, max-image-preview:large, max-video-preview:-1\" \/>\n<link rel=\"canonical\" href=\"https:\/\/grupoazulae.com\/fr\/mise-en-oeuvre-de-solutions-de-teletravail-et-dentrepreneuriat-numerique\/\" \/>\n<meta property=\"og:locale\" content=\"fr_FR\" \/>\n<meta property=\"og:type\" content=\"article\" \/>\n<meta property=\"og:title\" content=\"Implantaci\u00f3n de soluciones de teletrabajo y emprendimiento digital - Grupo Azulae\" \/>\n<meta property=\"og:description\" content=\"Implantaci\u00f3n de soluciones de teletrabajo y emprendimiento digital - Grupo Azulae\" \/>\n<meta property=\"og:url\" content=\"https:\/\/grupoazulae.com\/fr\/mise-en-oeuvre-de-solutions-de-teletravail-et-dentrepreneuriat-numerique\/\" \/>\n<meta property=\"og:site_name\" content=\"Grupo Azulae\" \/>\n<meta property=\"article:publisher\" content=\"https:\/\/www.facebook.com\/grupoazulae\/\" \/>\n<meta property=\"article:modified_time\" content=\"2022-04-28T14:29:29+00:00\" \/>\n<meta name=\"twitter:card\" content=\"summary_large_image\" \/>\n<meta name=\"twitter:site\" content=\"@GrupoAzulae\" \/>\n<meta name=\"twitter:label1\" content=\"Dur\u00e9e de lecture estim\u00e9e\" \/>\n\t<meta name=\"twitter:data1\" content=\"2 minutes\" \/>\n<script type=\"application\/ld+json\" class=\"yoast-schema-graph\">{\"@context\":\"https:\/\/schema.org\",\"@graph\":[{\"@type\":\"WebPage\",\"@id\":\"https:\/\/grupoazulae.com\/implantacion-de-soluciones-de-teletrabajo-y-emprendimiento-digital\/\",\"url\":\"https:\/\/grupoazulae.com\/implantacion-de-soluciones-de-teletrabajo-y-emprendimiento-digital\/\",\"name\":\"Implantaci\u00f3n de soluciones de teletrabajo y emprendimiento digital - Grupo Azulae\",\"isPartOf\":{\"@id\":\"https:\/\/grupoazulae.com\/#website\"},\"datePublished\":\"2022-04-28T11:31:15+00:00\",\"dateModified\":\"2022-04-28T14:29:29+00:00\",\"description\":\"Implantaci\u00f3n de soluciones de teletrabajo y emprendimiento digital - Grupo Azulae\",\"breadcrumb\":{\"@id\":\"https:\/\/grupoazulae.com\/implantacion-de-soluciones-de-teletrabajo-y-emprendimiento-digital\/#breadcrumb\"},\"inLanguage\":\"fr-FR\",\"potentialAction\":[{\"@type\":\"ReadAction\",\"target\":[\"https:\/\/grupoazulae.com\/implantacion-de-soluciones-de-teletrabajo-y-emprendimiento-digital\/\"]}]},{\"@type\":\"BreadcrumbList\",\"@id\":\"https:\/\/grupoazulae.com\/implantacion-de-soluciones-de-teletrabajo-y-emprendimiento-digital\/#breadcrumb\",\"itemListElement\":[{\"@type\":\"ListItem\",\"position\":1,\"name\":\"Portada\",\"item\":\"https:\/\/grupoazulae.com\/\"},{\"@type\":\"ListItem\",\"position\":2,\"name\":\"Implantaci\u00f3n de soluciones de teletrabajo y emprendimiento digital\"}]},{\"@type\":\"WebSite\",\"@id\":\"https:\/\/grupoazulae.com\/#website\",\"url\":\"https:\/\/grupoazulae.com\/\",\"name\":\"Grupo Azulae\",\"description\":\"Loving Tech\",\"publisher\":{\"@id\":\"https:\/\/grupoazulae.com\/#organization\"},\"potentialAction\":[{\"@type\":\"SearchAction\",\"target\":{\"@type\":\"EntryPoint\",\"urlTemplate\":\"https:\/\/grupoazulae.com\/?s={search_term_string}\"},\"query-input\":{\"@type\":\"PropertyValueSpecification\",\"valueRequired\":true,\"valueName\":\"search_term_string\"}}],\"inLanguage\":\"fr-FR\"},{\"@type\":\"Organization\",\"@id\":\"https:\/\/grupoazulae.com\/#organization\",\"name\":\"Grupo Azulae\",\"url\":\"https:\/\/grupoazulae.com\/\",\"logo\":{\"@type\":\"ImageObject\",\"inLanguage\":\"fr-FR\",\"@id\":\"https:\/\/grupoazulae.com\/#\/schema\/logo\/image\/\",\"url\":\"https:\/\/grupoazulae.com\/wp-content\/uploads\/2020\/01\/logohead2.png\",\"contentUrl\":\"https:\/\/grupoazulae.com\/wp-content\/uploads\/2020\/01\/logohead2.png\",\"width\":600,\"height\":254,\"caption\":\"Grupo Azulae\"},\"image\":{\"@id\":\"https:\/\/grupoazulae.com\/#\/schema\/logo\/image\/\"},\"sameAs\":[\"https:\/\/www.facebook.com\/grupoazulae\/\",\"https:\/\/x.com\/GrupoAzulae\",\"https:\/\/www.linkedin.com\/company\/azulae\/\"]}]}<\/script>\n<!-- \/ Yoast SEO plugin. -->","yoast_head_json":{"title":"Mise en \u0153uvre de solutions de t\u00e9l\u00e9travail et d&#039;entrepreneuriat num\u00e9rique - Groupe Azulae","description":"Mise en \u0153uvre de solutions de t\u00e9l\u00e9travail et d&#039;entrepreneuriat num\u00e9rique - Groupe Azulae","robots":{"index":"index","follow":"follow","max-snippet":"max-snippet:-1","max-image-preview":"max-image-preview:large","max-video-preview":"max-video-preview:-1"},"canonical":"https:\/\/grupoazulae.com\/fr\/mise-en-oeuvre-de-solutions-de-teletravail-et-dentrepreneuriat-numerique\/","og_locale":"fr_FR","og_type":"article","og_title":"Implantaci\u00f3n de soluciones de teletrabajo y emprendimiento digital - Grupo Azulae","og_description":"Implantaci\u00f3n de soluciones de teletrabajo y emprendimiento digital - Grupo Azulae","og_url":"https:\/\/grupoazulae.com\/fr\/mise-en-oeuvre-de-solutions-de-teletravail-et-dentrepreneuriat-numerique\/","og_site_name":"Grupo Azulae","article_publisher":"https:\/\/www.facebook.com\/grupoazulae\/","article_modified_time":"2022-04-28T14:29:29+00:00","twitter_card":"summary_large_image","twitter_site":"@GrupoAzulae","twitter_misc":{"Dur\u00e9e de lecture estim\u00e9e":"2 minutes"},"schema":{"@context":"https:\/\/schema.org","@graph":[{"@type":"WebPage","@id":"https:\/\/grupoazulae.com\/implantacion-de-soluciones-de-teletrabajo-y-emprendimiento-digital\/","url":"https:\/\/grupoazulae.com\/implantacion-de-soluciones-de-teletrabajo-y-emprendimiento-digital\/","name":"Mise en \u0153uvre de solutions de t\u00e9l\u00e9travail et d&#039;entrepreneuriat num\u00e9rique - Groupe Azulae","isPartOf":{"@id":"https:\/\/grupoazulae.com\/#website"},"datePublished":"2022-04-28T11:31:15+00:00","dateModified":"2022-04-28T14:29:29+00:00","description":"Mise en \u0153uvre de solutions de t\u00e9l\u00e9travail et d&#039;entrepreneuriat num\u00e9rique - Groupe Azulae","breadcrumb":{"@id":"https:\/\/grupoazulae.com\/implantacion-de-soluciones-de-teletrabajo-y-emprendimiento-digital\/#breadcrumb"},"inLanguage":"fr-FR","potentialAction":[{"@type":"ReadAction","target":["https:\/\/grupoazulae.com\/implantacion-de-soluciones-de-teletrabajo-y-emprendimiento-digital\/"]}]},{"@type":"BreadcrumbList","@id":"https:\/\/grupoazulae.com\/implantacion-de-soluciones-de-teletrabajo-y-emprendimiento-digital\/#breadcrumb","itemListElement":[{"@type":"ListItem","position":1,"name":"Portada","item":"https:\/\/grupoazulae.com\/"},{"@type":"ListItem","position":2,"name":"Implantaci\u00f3n de soluciones de teletrabajo y emprendimiento digital"}]},{"@type":"WebSite","@id":"https:\/\/grupoazulae.com\/#website","url":"https:\/\/grupoazulae.com\/","name":"Groupe Azulae","description":"Aimer la technologie","publisher":{"@id":"https:\/\/grupoazulae.com\/#organization"},"potentialAction":[{"@type":"SearchAction","target":{"@type":"EntryPoint","urlTemplate":"https:\/\/grupoazulae.com\/?s={search_term_string}"},"query-input":{"@type":"PropertyValueSpecification","valueRequired":true,"valueName":"search_term_string"}}],"inLanguage":"fr-FR"},{"@type":"Organization","@id":"https:\/\/grupoazulae.com\/#organization","name":"Groupe Azulae","url":"https:\/\/grupoazulae.com\/","logo":{"@type":"ImageObject","inLanguage":"fr-FR","@id":"https:\/\/grupoazulae.com\/#\/schema\/logo\/image\/","url":"https:\/\/grupoazulae.com\/wp-content\/uploads\/2020\/01\/logohead2.png","contentUrl":"https:\/\/grupoazulae.com\/wp-content\/uploads\/2020\/01\/logohead2.png","width":600,"height":254,"caption":"Grupo Azulae"},"image":{"@id":"https:\/\/grupoazulae.com\/#\/schema\/logo\/image\/"},"sameAs":["https:\/\/www.facebook.com\/grupoazulae\/","https:\/\/x.com\/GrupoAzulae","https:\/\/www.linkedin.com\/company\/azulae\/"]}]}},"_links":{"self":[{"href":"https:\/\/grupoazulae.com\/fr\/wp-json\/wp\/v2\/pages\/4906","targetHints":{"allow":["GET"]}}],"collection":[{"href":"https:\/\/grupoazulae.com\/fr\/wp-json\/wp\/v2\/pages"}],"about":[{"href":"https:\/\/grupoazulae.com\/fr\/wp-json\/wp\/v2\/types\/page"}],"author":[{"embeddable":true,"href":"https:\/\/grupoazulae.com\/fr\/wp-json\/wp\/v2\/users\/1"}],"replies":[{"embeddable":true,"href":"https:\/\/grupoazulae.com\/fr\/wp-json\/wp\/v2\/comments?post=4906"}],"version-history":[{"count":0,"href":"https:\/\/grupoazulae.com\/fr\/wp-json\/wp\/v2\/pages\/4906\/revisions"}],"wp:attachment":[{"href":"https:\/\/grupoazulae.com\/fr\/wp-json\/wp\/v2\/media?parent=4906"}],"curies":[{"name":"wp","href":"https:\/\/api.w.org\/{rel}","templated":true}]}}