{"id":3578,"date":"2020-02-03T11:07:28","date_gmt":"2020-02-03T11:07:28","guid":{"rendered":"http:\/\/grupoazulae.com\/?page_id=3578"},"modified":"2020-02-10T10:58:04","modified_gmt":"2020-02-10T10:58:04","slug":"avviso-legale","status":"publish","type":"page","link":"https:\/\/grupoazulae.com\/it\/avviso-legale\/","title":{"rendered":"Avviso legale"},"content":{"rendered":"<article id=\"post-3187\" class=\"post-3187 page type-page status-publish hentry\">\n<div class=\"entry-content blog_postcontent\">\n<div id=\"clickdatos\">\n<p>Il presente Avviso Legale regola le condizioni generali di accesso e utilizzo del sito web accessibile all&#039;URL https:\/\/grupoazulae.com (di seguito, il sito web), che Azulae SL mette a disposizione degli utenti di Internet.<br \/>\nL&#039;utilizzo del sito web implica l&#039;accettazione piena e senza riserve di tutte le disposizioni contenute nel presente Avviso Legale. Di conseguenza, gli utenti del sito web devono leggere attentamente la presente Nota Legale ogni volta che intendono utilizzare il sito web, poich\u00e9 il testo potrebbe essere modificato a discrezione del proprietario del sito web o a causa di cambiamenti nella legislazione, nella giurisprudenza o nelle pratiche commerciali.<\/p>\n<h2>1.- TITOLARIT\u00c0 DEL SITO WEB.<\/h2>\n<p>Nome del proprietario: Eugenio S\u00e1nchez Garc\u00eda<br \/>\nSede legale: Avenida Ricardo Carapeto Zambrano n. 130<br \/>\nPopolazione: Badajoz<br \/>\nProvincia: Badajoz<br \/>\nCodice di identificazione: 06008<br \/>\nCodice fiscale: B06689780<br \/>\nNumero di telefono di contatto: 924262636<br \/>\nE-mail: info@grupogrupoazulae.com<\/p>\n<h2>2.- OGGETTO.<\/h2>\n<p>Il sito web consente agli utenti di accedere alle informazioni e ai servizi forniti da Azulae SL a persone o organizzazioni interessate.<\/p>\n<h2>3.- ACCESSO E UTILIZZO DEL SITO WEB.<\/h2>\n<p>3.1.- Libero accesso e utilizzo del sito web.<br \/>\nL&#039;accesso al sito web \u00e8 gratuito per gli utenti.<br \/>\n3.2.- Registrazione dell&#039;utente.<br \/>\nIn generale, l&#039;accesso e l&#039;utilizzo del sito web non richiedono la previa sottoscrizione o registrazione degli utenti.<\/p>\n<h2>4.- CONTENUTI DEL SITO WEB.<\/h2>\n<p>La lingua utilizzata dal proprietario sul sito web sar\u00e0 lo spagnolo. Azulae SL non \u00e8 responsabile della mancata comprensione o comprensione da parte dell&#039;utente della lingua del sito web, n\u00e9 delle eventuali conseguenze derivanti da tale mancata comprensione.<br \/>\nAzulae SL potr\u00e0 modificare i contenuti senza preavviso, nonch\u00e9 eliminarli e modificarli all&#039;interno del sito web, cos\u00ec come le modalit\u00e0 di accesso agli stessi, senza giustificazione e liberamente, e non sar\u00e0 responsabile delle conseguenze che ci\u00f2 possa causare agli utenti.<br \/>\n\u00c8 vietato l&#039;uso del contenuto del sito web per promuovere, contrarre o diffondere pubblicit\u00e0 o informazioni, proprie o di terzi, senza l&#039;autorizzazione di Azulae SL, cos\u00ec come l&#039;invio di pubblicit\u00e0 o informazioni utilizzando i servizi o le informazioni messe a disposizione degli utenti, indipendentemente dal fatto che tale utilizzo sia gratuito o meno.<br \/>\nTutti i link o collegamenti ipertestuali che terze parti incorporino nelle loro pagine web, diretti a questo sito web, saranno destinati all&#039;apertura della pagina web completa e non potranno esprimere, direttamente o indirettamente, informazioni false, inesatte o confuse, n\u00e9 incorrere in azioni ingiuste o illegali nei confronti di Azulae SL.<\/p>\n<h2>5.- LIMITAZIONE DI RESPONSABILIT\u00c0.<\/h2>\n<p>Sia l&#039;accesso al sito web che ogni uso non autorizzato delle informazioni in esso contenute sono di esclusiva responsabilit\u00e0 della persona che vi accede. Azulae SL non sar\u00e0 responsabile per eventuali conseguenze, danni o perdite che possano derivare da tale accesso o utilizzo. Azulae SL non \u00e8 responsabile di eventuali errori di sicurezza che potrebbero verificarsi o di eventuali danni che potrebbero essere causati al sistema informatico dell&#039;utente (hardware e software), o ai file o documenti in esso memorizzati, come risultato di:<br \/>\n\u2013 la presenza di un virus sul computer dell\u2019utente che viene utilizzato per connettersi ai servizi e ai contenuti del sito web,<br \/>\n\u2013 un malfunzionamento del browser,<br \/>\n\u2013 e\/o l\u2019utilizzo di versioni non aggiornate delle stesse.<br \/>\nAzulae SL non \u00e8 responsabile dell&#039;affidabilit\u00e0 e della velocit\u00e0 dei collegamenti ipertestuali incorporati nel sito web per l&#039;apertura di altri siti web. Azulae SL non garantisce l&#039;utilit\u00e0 di tali link, n\u00e9 \u00e8 responsabile dei contenuti o dei servizi a cui l&#039;utente pu\u00f2 accedere tramite tali link, n\u00e9 del corretto funzionamento di tali siti web.<br \/>\nAzulae SL non sar\u00e0 responsabile di eventuali virus o altri programmi informatici che danneggino o possano danneggiare i sistemi informatici o le apparecchiature degli utenti durante l&#039;accesso al suo sito web o ad altri siti web accessibili tramite link presenti su questo sito web.<\/p>\n<h2>6.- UTILIZZO DELLA TECNOLOGIA \u201cCOOKIE\u201d.<\/h2>\n<p>Il sito web non utilizza cookie o altri processi invisibili per raccogliere informazioni durante la navigazione degli utenti, rispettando in ogni momento la loro riservatezza e privacy.<br \/>\n*SE SI UTILIZZANO COOKIE, CONSULTARE L&#039;INFORMATIVA SULL&#039;USO DEI COOKIE. Il sito web utilizza cookie; puoi consultare la nostra Politica sui cookie, che rispetta in ogni momento la tua riservatezza e la tua privacy.<\/p>\n<h2>7.- PROPRIET\u00c0 INTELLETTUALE E INDUSTRIALE.<\/h2>\n<p>Tutti i diritti di propriet\u00e0 industriale e intellettuale del sito web, nonch\u00e9 dei contenuti in esso presenti, sono di propriet\u00e0 di Azulae SL. Qualsiasi utilizzo del sito web o dei suoi contenuti deve essere esclusivamente per scopi privati. Qualsiasi altro utilizzo che implichi la copia, la riproduzione, la distribuzione, la trasformazione, la comunicazione pubblica o qualsiasi altra azione simile di tutto o parte del contenuto del sito web \u00e8 riservato esclusivamente ad Azulae SL, pertanto nessun utente potr\u00e0 realizzare tali azioni senza la previa autorizzazione scritta di Azulae SL.<\/p>\n<h2>\u00a08.- POLITICA SULLA PRIVACY E SULLA PROTEZIONE DEI DATI<\/h2>\n<p>Azulae SL garantisce la protezione e la riservatezza di tutti i dati personali forniti dalle aziende nostre clienti, in conformit\u00e0 con quanto disposto dalla Legge Organica 15\/1999 del 13 dicembre sulla Protezione dei Dati Personali.<br \/>\nTutti i dati forniti dalle aziende nostre clienti ad Azulae SL o al suo personale saranno inseriti in un archivio automatizzato di dati personali, creato e gestito sotto la responsabilit\u00e0 di Azulae SL, essenziale per fornire i servizi richiesti dagli utenti.<br \/>\nI dati forniti saranno trattati in conformit\u00e0 con il Regolamento sulle Misure di Sicurezza (Regio Decreto 1720\/2007 del 21 dicembre). Azulae SL ha adottato i livelli di protezione richiesti dalla legge e ha implementato tutte le misure tecniche a sua disposizione per prevenire la perdita, l&#039;uso improprio, l&#039;alterazione e l&#039;accesso non autorizzato da parte di terzi. Tuttavia, gli utenti devono essere consapevoli che le misure di sicurezza di Internet non sono inespugnabili. Se ritieni opportuno trasferire i tuoi dati personali ad altre entit\u00e0, ti verranno comunicati i dati trasferiti, lo scopo del file, nonch\u00e9 il nome e l&#039;indirizzo del cessionario, in modo che tu possa prestare il tuo inequivocabile consenso.<br \/>\nIn conformit\u00e0 con quanto previsto dal GDPR, l&#039;utente potr\u00e0 esercitare i diritti di accesso, rettifica, cancellazione e opposizione. Per farlo, contattaci a info@grupoazulae.com<\/p>\n<h2>9.- LEGISLAZIONE APPLICABILE E GIURISDIZIONE COMPETENTE.<\/h2>\n<p>Il presente Avviso Legale sar\u00e0 interpretato e disciplinato in conformit\u00e0 con la legge spagnola. Azulae SL e gli utenti, rinunciando espressamente a qualsiasi altra giurisdizione che possa applicarsi, si sottopongono alla giurisdizione dei tribunali del domicilio dell&#039;utente per qualsiasi controversia che possa sorgere dall&#039;accesso o dall&#039;uso del sito web. Nel caso in cui l&#039;utente sia domiciliato fuori dalla Spagna, Azulae SL e l&#039;utente, rinunciando espressamente a qualsiasi altra giurisdizione, si sottopongono ai tribunali del domicilio di Azulae SL.<\/p>\n<\/div>\n<\/div>\n<\/article>","protected":false},"excerpt":{"rendered":"<p>El presente Aviso Legal regula las condiciones generales de acceso y utilizaci\u00f3n del sitio web accesible en la direcci\u00f3n URL https:\/\/grupoazulae.com (en adelante, el sitio web), que Azulae S.L. pone a disposici\u00f3n de los usuarios de Internet. La utilizaci\u00f3n del sitio web implica la aceptaci\u00f3n plena y sin reservas de todas y cada una de [&hellip;]<\/p>","protected":false},"author":1,"featured_media":0,"parent":0,"menu_order":0,"comment_status":"closed","ping_status":"closed","template":"full-page.php","meta":{"inline_featured_image":false,"footnotes":""},"class_list":["post-3578","page","type-page","status-publish","hentry"],"yoast_head":"<!-- This site is optimized with the Yoast SEO plugin v26.6 - https:\/\/yoast.com\/wordpress\/plugins\/seo\/ -->\n<title>Aviso Legal - Grupo Azulae<\/title>\n<meta name=\"description\" content=\"Aviso Legal - Grupo Azulae\" \/>\n<meta name=\"robots\" content=\"index, follow, max-snippet:-1, max-image-preview:large, max-video-preview:-1\" \/>\n<link rel=\"canonical\" href=\"https:\/\/grupoazulae.com\/it\/avviso-legale\/\" \/>\n<meta property=\"og:locale\" content=\"it_IT\" \/>\n<meta property=\"og:type\" content=\"article\" \/>\n<meta property=\"og:title\" content=\"Aviso Legal - Grupo Azulae\" \/>\n<meta property=\"og:description\" content=\"Aviso Legal - Grupo Azulae\" \/>\n<meta property=\"og:url\" content=\"https:\/\/grupoazulae.com\/it\/avviso-legale\/\" \/>\n<meta property=\"og:site_name\" content=\"Grupo Azulae\" \/>\n<meta property=\"article:publisher\" content=\"https:\/\/www.facebook.com\/grupoazulae\/\" \/>\n<meta property=\"article:modified_time\" content=\"2020-02-10T10:58:04+00:00\" \/>\n<meta name=\"twitter:card\" content=\"summary_large_image\" \/>\n<meta name=\"twitter:site\" content=\"@GrupoAzulae\" \/>\n<meta name=\"twitter:label1\" content=\"Tempo di lettura stimato\" \/>\n\t<meta name=\"twitter:data1\" content=\"6 minuti\" \/>\n<script type=\"application\/ld+json\" class=\"yoast-schema-graph\">{\"@context\":\"https:\/\/schema.org\",\"@graph\":[{\"@type\":\"WebPage\",\"@id\":\"https:\/\/grupoazulae.com\/aviso-legal\/\",\"url\":\"https:\/\/grupoazulae.com\/aviso-legal\/\",\"name\":\"Aviso Legal - Grupo Azulae\",\"isPartOf\":{\"@id\":\"https:\/\/grupoazulae.com\/#website\"},\"datePublished\":\"2020-02-03T11:07:28+00:00\",\"dateModified\":\"2020-02-10T10:58:04+00:00\",\"description\":\"Aviso Legal - Grupo Azulae\",\"breadcrumb\":{\"@id\":\"https:\/\/grupoazulae.com\/aviso-legal\/#breadcrumb\"},\"inLanguage\":\"it-IT\",\"potentialAction\":[{\"@type\":\"ReadAction\",\"target\":[\"https:\/\/grupoazulae.com\/aviso-legal\/\"]}]},{\"@type\":\"BreadcrumbList\",\"@id\":\"https:\/\/grupoazulae.com\/aviso-legal\/#breadcrumb\",\"itemListElement\":[{\"@type\":\"ListItem\",\"position\":1,\"name\":\"Portada\",\"item\":\"https:\/\/grupoazulae.com\/\"},{\"@type\":\"ListItem\",\"position\":2,\"name\":\"Aviso Legal\"}]},{\"@type\":\"WebSite\",\"@id\":\"https:\/\/grupoazulae.com\/#website\",\"url\":\"https:\/\/grupoazulae.com\/\",\"name\":\"Grupo Azulae\",\"description\":\"Loving Tech\",\"publisher\":{\"@id\":\"https:\/\/grupoazulae.com\/#organization\"},\"potentialAction\":[{\"@type\":\"SearchAction\",\"target\":{\"@type\":\"EntryPoint\",\"urlTemplate\":\"https:\/\/grupoazulae.com\/?s={search_term_string}\"},\"query-input\":{\"@type\":\"PropertyValueSpecification\",\"valueRequired\":true,\"valueName\":\"search_term_string\"}}],\"inLanguage\":\"it-IT\"},{\"@type\":\"Organization\",\"@id\":\"https:\/\/grupoazulae.com\/#organization\",\"name\":\"Grupo Azulae\",\"url\":\"https:\/\/grupoazulae.com\/\",\"logo\":{\"@type\":\"ImageObject\",\"inLanguage\":\"it-IT\",\"@id\":\"https:\/\/grupoazulae.com\/#\/schema\/logo\/image\/\",\"url\":\"https:\/\/grupoazulae.com\/wp-content\/uploads\/2020\/01\/logohead2.png\",\"contentUrl\":\"https:\/\/grupoazulae.com\/wp-content\/uploads\/2020\/01\/logohead2.png\",\"width\":600,\"height\":254,\"caption\":\"Grupo Azulae\"},\"image\":{\"@id\":\"https:\/\/grupoazulae.com\/#\/schema\/logo\/image\/\"},\"sameAs\":[\"https:\/\/www.facebook.com\/grupoazulae\/\",\"https:\/\/x.com\/GrupoAzulae\",\"https:\/\/www.linkedin.com\/company\/azulae\/\"]}]}<\/script>\n<!-- \/ Yoast SEO plugin. -->","yoast_head_json":{"title":"Note legali - Azulae Group","description":"Note legali - Azulae Group","robots":{"index":"index","follow":"follow","max-snippet":"max-snippet:-1","max-image-preview":"max-image-preview:large","max-video-preview":"max-video-preview:-1"},"canonical":"https:\/\/grupoazulae.com\/it\/avviso-legale\/","og_locale":"it_IT","og_type":"article","og_title":"Aviso Legal - Grupo Azulae","og_description":"Aviso Legal - Grupo Azulae","og_url":"https:\/\/grupoazulae.com\/it\/avviso-legale\/","og_site_name":"Grupo Azulae","article_publisher":"https:\/\/www.facebook.com\/grupoazulae\/","article_modified_time":"2020-02-10T10:58:04+00:00","twitter_card":"summary_large_image","twitter_site":"@GrupoAzulae","twitter_misc":{"Tempo di lettura stimato":"6 minuti"},"schema":{"@context":"https:\/\/schema.org","@graph":[{"@type":"WebPage","@id":"https:\/\/grupoazulae.com\/aviso-legal\/","url":"https:\/\/grupoazulae.com\/aviso-legal\/","name":"Note legali - Azulae Group","isPartOf":{"@id":"https:\/\/grupoazulae.com\/#website"},"datePublished":"2020-02-03T11:07:28+00:00","dateModified":"2020-02-10T10:58:04+00:00","description":"Note legali - Azulae Group","breadcrumb":{"@id":"https:\/\/grupoazulae.com\/aviso-legal\/#breadcrumb"},"inLanguage":"it-IT","potentialAction":[{"@type":"ReadAction","target":["https:\/\/grupoazulae.com\/aviso-legal\/"]}]},{"@type":"BreadcrumbList","@id":"https:\/\/grupoazulae.com\/aviso-legal\/#breadcrumb","itemListElement":[{"@type":"ListItem","position":1,"name":"Portada","item":"https:\/\/grupoazulae.com\/"},{"@type":"ListItem","position":2,"name":"Aviso Legal"}]},{"@type":"WebSite","@id":"https:\/\/grupoazulae.com\/#website","url":"https:\/\/grupoazulae.com\/","name":"Gruppo Azulae","description":"Amare la tecnologia","publisher":{"@id":"https:\/\/grupoazulae.com\/#organization"},"potentialAction":[{"@type":"SearchAction","target":{"@type":"EntryPoint","urlTemplate":"https:\/\/grupoazulae.com\/?s={search_term_string}"},"query-input":{"@type":"PropertyValueSpecification","valueRequired":true,"valueName":"search_term_string"}}],"inLanguage":"it-IT"},{"@type":"Organization","@id":"https:\/\/grupoazulae.com\/#organization","name":"Gruppo Azulae","url":"https:\/\/grupoazulae.com\/","logo":{"@type":"ImageObject","inLanguage":"it-IT","@id":"https:\/\/grupoazulae.com\/#\/schema\/logo\/image\/","url":"https:\/\/grupoazulae.com\/wp-content\/uploads\/2020\/01\/logohead2.png","contentUrl":"https:\/\/grupoazulae.com\/wp-content\/uploads\/2020\/01\/logohead2.png","width":600,"height":254,"caption":"Grupo Azulae"},"image":{"@id":"https:\/\/grupoazulae.com\/#\/schema\/logo\/image\/"},"sameAs":["https:\/\/www.facebook.com\/grupoazulae\/","https:\/\/x.com\/GrupoAzulae","https:\/\/www.linkedin.com\/company\/azulae\/"]}]}},"_links":{"self":[{"href":"https:\/\/grupoazulae.com\/it\/wp-json\/wp\/v2\/pages\/3578","targetHints":{"allow":["GET"]}}],"collection":[{"href":"https:\/\/grupoazulae.com\/it\/wp-json\/wp\/v2\/pages"}],"about":[{"href":"https:\/\/grupoazulae.com\/it\/wp-json\/wp\/v2\/types\/page"}],"author":[{"embeddable":true,"href":"https:\/\/grupoazulae.com\/it\/wp-json\/wp\/v2\/users\/1"}],"replies":[{"embeddable":true,"href":"https:\/\/grupoazulae.com\/it\/wp-json\/wp\/v2\/comments?post=3578"}],"version-history":[{"count":0,"href":"https:\/\/grupoazulae.com\/it\/wp-json\/wp\/v2\/pages\/3578\/revisions"}],"wp:attachment":[{"href":"https:\/\/grupoazulae.com\/it\/wp-json\/wp\/v2\/media?parent=3578"}],"curies":[{"name":"wp","href":"https:\/\/api.w.org\/{rel}","templated":true}]}}