{"id":3809,"date":"2020-02-19T16:51:08","date_gmt":"2020-02-19T16:51:08","guid":{"rendered":"https:\/\/grupoazulae.com\/?page_id=3809"},"modified":"2020-02-19T16:51:08","modified_gmt":"2020-02-19T16:51:08","slug":"offerta-di-lavoro-per-programmatore-python","status":"publish","type":"page","link":"https:\/\/grupoazulae.com\/it\/offerta-di-lavoro-per-programmatore-python\/","title":{"rendered":"Offerta di lavoro: Programmatore Python"},"content":{"rendered":"<h3>Descrizione<\/h3>\n<p>Presso Azulae siamo alla ricerca di un programmatore o analista in tecnologia Python per ampliare i nostri team.<\/p>\n<p>Realizziamo progetti personalizzati per clienti di alto livello. E abbiamo diversi prodotti di nostra propriet\u00e0 con un potenziale significativo e siamo leader nel loro settore.<\/p>\n<p>Valuteremo:<\/p>\n<p>Esperienza front-end (HTML, CSS e JavaScript)<br \/>\nBuona conoscenza dello sviluppo, dell&#039;orientamento agli oggetti, MVC\u2026<br \/>\nConoscenza ed esperienza con Webservices (SOAP\/REST), WSDL, XML, JSON.<br \/>\nEsperienza con database relazionali e SQL.<br \/>\nEsperienza con sistemi di controllo delle versioni (GIT) e back end (Spring, Hibernate, Struts, Laravel\u2026).<\/p>\n<p>Apprezzeremo molto il tuo atteggiamento, la tua curiosit\u00e0 di imparare, la tua volont\u00e0, il tuo desiderio di crescere e la tua disponibilit\u00e0 a unirti a un team in crescita.<\/p>\n<p>Cosa possiamo offrirti?<\/p>\n<ul>\n<li>Unisciti a un&#039;azienda che ha accesso a progetti stimolanti per clienti leader nei loro settori.<\/li>\n<li>Una carriera su misura per te.<\/li>\n<li>Retribuzione competitiva e accesso a piani di retribuzione flessibili.<\/li>\n<li>Formazione continua.<\/li>\n<li>Orari flessibili.<\/li>\n<\/ul>\n<p>&nbsp;<\/p>\n<h4>Studi minimi<\/h4>\n<p>Formazione professionale superiore<\/p>\n<h4>Esperienza minima<\/h4>\n<p>Almeno 3 anni<\/p>\n<h4>Conoscenze necessarie<\/h4>\n<p>Pitone<br \/>\nGestione del database<br \/>\nHTML5<br \/>\nJavascript<\/p>\n<h4>Requisiti minimi<\/h4>\n<ul>\n<li>Almeno 2 anni nello sviluppo Python<\/li>\n<li>Esperienza in servizi Web e SQL<\/li>\n<\/ul>\n<p>&nbsp;<\/p>\n<h4>Tipo di industria di fornitura<\/h4>\n<p>Tecnologia e servizi dell&#039;informazione<\/p>\n<h4><strong>Livello<\/strong><\/h4>\n<p>Dipendente<\/p>\n<h4>Personale responsabile<\/h4>\n<p>1 \u2013 5<\/p>\n<h4>Numero di posti vacanti<\/h4>\n<p>1<\/p>\n<h4>Stipendio<\/h4>\n<p>Stipendio: \u20ac 18.000 \u2013 \u20ac 24.000 lordi\/anno<\/p>\n<h4>Prestazioni sociali<\/h4>\n<p>Orari flessibili<br \/>\nTelelavoro<\/p>","protected":false},"excerpt":{"rendered":"<p>Descrizione: In Azulae, stiamo cercando un Programmatore\/Analista Python per ampliare il nostro team. Sviluppiamo progetti personalizzati per clienti di alto livello. Disponiamo inoltre di diversi prodotti proprietari con un potenziale significativo e siamo leader nel loro settore. Valuteremo: Esperienza con il front-end (HTML, CSS e JavaScript) e solide competenze di sviluppo, [\u2026]<\/p>","protected":false},"author":1,"featured_media":0,"parent":0,"menu_order":0,"comment_status":"closed","ping_status":"closed","template":"full-page.php","meta":{"inline_featured_image":false,"footnotes":""},"class_list":["post-3809","page","type-page","status-publish","hentry"],"yoast_head":"<!-- This site is optimized with the Yoast SEO plugin v26.6 - https:\/\/yoast.com\/wordpress\/plugins\/seo\/ -->\n<title>Oferta de empleo Programador Python - Grupo Azulae<\/title>\n<meta name=\"description\" content=\"Oferta de empleo Programador Python - Grupo Azulae\" \/>\n<meta name=\"robots\" content=\"index, follow, max-snippet:-1, max-image-preview:large, max-video-preview:-1\" \/>\n<link rel=\"canonical\" href=\"https:\/\/grupoazulae.com\/it\/offerta-di-lavoro-per-programmatore-python\/\" \/>\n<meta property=\"og:locale\" content=\"it_IT\" \/>\n<meta property=\"og:type\" content=\"article\" \/>\n<meta property=\"og:title\" content=\"Oferta de empleo Programador Python - Grupo Azulae\" \/>\n<meta property=\"og:description\" content=\"Oferta de empleo Programador Python - Grupo Azulae\" \/>\n<meta property=\"og:url\" content=\"https:\/\/grupoazulae.com\/it\/offerta-di-lavoro-per-programmatore-python\/\" \/>\n<meta property=\"og:site_name\" content=\"Grupo Azulae\" \/>\n<meta property=\"article:publisher\" content=\"https:\/\/www.facebook.com\/grupoazulae\/\" \/>\n<meta name=\"twitter:card\" content=\"summary_large_image\" \/>\n<meta name=\"twitter:site\" content=\"@GrupoAzulae\" \/>\n<meta name=\"twitter:label1\" content=\"Tempo di lettura stimato\" \/>\n\t<meta name=\"twitter:data1\" content=\"1 minuto\" \/>\n<script type=\"application\/ld+json\" class=\"yoast-schema-graph\">{\"@context\":\"https:\/\/schema.org\",\"@graph\":[{\"@type\":\"WebPage\",\"@id\":\"https:\/\/grupoazulae.com\/oferta-de-empleo-programador-python\/\",\"url\":\"https:\/\/grupoazulae.com\/oferta-de-empleo-programador-python\/\",\"name\":\"Oferta de empleo Programador Python - Grupo Azulae\",\"isPartOf\":{\"@id\":\"https:\/\/grupoazulae.com\/#website\"},\"datePublished\":\"2020-02-19T16:51:08+00:00\",\"description\":\"Oferta de empleo Programador Python - Grupo Azulae\",\"breadcrumb\":{\"@id\":\"https:\/\/grupoazulae.com\/oferta-de-empleo-programador-python\/#breadcrumb\"},\"inLanguage\":\"it-IT\",\"potentialAction\":[{\"@type\":\"ReadAction\",\"target\":[\"https:\/\/grupoazulae.com\/oferta-de-empleo-programador-python\/\"]}]},{\"@type\":\"BreadcrumbList\",\"@id\":\"https:\/\/grupoazulae.com\/oferta-de-empleo-programador-python\/#breadcrumb\",\"itemListElement\":[{\"@type\":\"ListItem\",\"position\":1,\"name\":\"Portada\",\"item\":\"https:\/\/grupoazulae.com\/\"},{\"@type\":\"ListItem\",\"position\":2,\"name\":\"Oferta de empleo Programador Python\"}]},{\"@type\":\"WebSite\",\"@id\":\"https:\/\/grupoazulae.com\/#website\",\"url\":\"https:\/\/grupoazulae.com\/\",\"name\":\"Grupo Azulae\",\"description\":\"Loving Tech\",\"publisher\":{\"@id\":\"https:\/\/grupoazulae.com\/#organization\"},\"potentialAction\":[{\"@type\":\"SearchAction\",\"target\":{\"@type\":\"EntryPoint\",\"urlTemplate\":\"https:\/\/grupoazulae.com\/?s={search_term_string}\"},\"query-input\":{\"@type\":\"PropertyValueSpecification\",\"valueRequired\":true,\"valueName\":\"search_term_string\"}}],\"inLanguage\":\"it-IT\"},{\"@type\":\"Organization\",\"@id\":\"https:\/\/grupoazulae.com\/#organization\",\"name\":\"Grupo Azulae\",\"url\":\"https:\/\/grupoazulae.com\/\",\"logo\":{\"@type\":\"ImageObject\",\"inLanguage\":\"it-IT\",\"@id\":\"https:\/\/grupoazulae.com\/#\/schema\/logo\/image\/\",\"url\":\"https:\/\/grupoazulae.com\/wp-content\/uploads\/2020\/01\/logohead2.png\",\"contentUrl\":\"https:\/\/grupoazulae.com\/wp-content\/uploads\/2020\/01\/logohead2.png\",\"width\":600,\"height\":254,\"caption\":\"Grupo Azulae\"},\"image\":{\"@id\":\"https:\/\/grupoazulae.com\/#\/schema\/logo\/image\/\"},\"sameAs\":[\"https:\/\/www.facebook.com\/grupoazulae\/\",\"https:\/\/x.com\/GrupoAzulae\",\"https:\/\/www.linkedin.com\/company\/azulae\/\"]}]}<\/script>\n<!-- \/ Yoast SEO plugin. -->","yoast_head_json":{"title":"Offerta di lavoro per programmatore Python - Azulae Group","description":"Offerta di lavoro per programmatore Python - Azulae Group","robots":{"index":"index","follow":"follow","max-snippet":"max-snippet:-1","max-image-preview":"max-image-preview:large","max-video-preview":"max-video-preview:-1"},"canonical":"https:\/\/grupoazulae.com\/it\/offerta-di-lavoro-per-programmatore-python\/","og_locale":"it_IT","og_type":"article","og_title":"Oferta de empleo Programador Python - Grupo Azulae","og_description":"Oferta de empleo Programador Python - Grupo Azulae","og_url":"https:\/\/grupoazulae.com\/it\/offerta-di-lavoro-per-programmatore-python\/","og_site_name":"Grupo Azulae","article_publisher":"https:\/\/www.facebook.com\/grupoazulae\/","twitter_card":"summary_large_image","twitter_site":"@GrupoAzulae","twitter_misc":{"Tempo di lettura stimato":"1 minuto"},"schema":{"@context":"https:\/\/schema.org","@graph":[{"@type":"WebPage","@id":"https:\/\/grupoazulae.com\/oferta-de-empleo-programador-python\/","url":"https:\/\/grupoazulae.com\/oferta-de-empleo-programador-python\/","name":"Offerta di lavoro per programmatore Python - Azulae Group","isPartOf":{"@id":"https:\/\/grupoazulae.com\/#website"},"datePublished":"2020-02-19T16:51:08+00:00","description":"Offerta di lavoro per programmatore Python - Azulae Group","breadcrumb":{"@id":"https:\/\/grupoazulae.com\/oferta-de-empleo-programador-python\/#breadcrumb"},"inLanguage":"it-IT","potentialAction":[{"@type":"ReadAction","target":["https:\/\/grupoazulae.com\/oferta-de-empleo-programador-python\/"]}]},{"@type":"BreadcrumbList","@id":"https:\/\/grupoazulae.com\/oferta-de-empleo-programador-python\/#breadcrumb","itemListElement":[{"@type":"ListItem","position":1,"name":"Portada","item":"https:\/\/grupoazulae.com\/"},{"@type":"ListItem","position":2,"name":"Oferta de empleo Programador Python"}]},{"@type":"WebSite","@id":"https:\/\/grupoazulae.com\/#website","url":"https:\/\/grupoazulae.com\/","name":"Gruppo Azulae","description":"Amare la tecnologia","publisher":{"@id":"https:\/\/grupoazulae.com\/#organization"},"potentialAction":[{"@type":"SearchAction","target":{"@type":"EntryPoint","urlTemplate":"https:\/\/grupoazulae.com\/?s={search_term_string}"},"query-input":{"@type":"PropertyValueSpecification","valueRequired":true,"valueName":"search_term_string"}}],"inLanguage":"it-IT"},{"@type":"Organization","@id":"https:\/\/grupoazulae.com\/#organization","name":"Gruppo Azulae","url":"https:\/\/grupoazulae.com\/","logo":{"@type":"ImageObject","inLanguage":"it-IT","@id":"https:\/\/grupoazulae.com\/#\/schema\/logo\/image\/","url":"https:\/\/grupoazulae.com\/wp-content\/uploads\/2020\/01\/logohead2.png","contentUrl":"https:\/\/grupoazulae.com\/wp-content\/uploads\/2020\/01\/logohead2.png","width":600,"height":254,"caption":"Grupo Azulae"},"image":{"@id":"https:\/\/grupoazulae.com\/#\/schema\/logo\/image\/"},"sameAs":["https:\/\/www.facebook.com\/grupoazulae\/","https:\/\/x.com\/GrupoAzulae","https:\/\/www.linkedin.com\/company\/azulae\/"]}]}},"_links":{"self":[{"href":"https:\/\/grupoazulae.com\/it\/wp-json\/wp\/v2\/pages\/3809","targetHints":{"allow":["GET"]}}],"collection":[{"href":"https:\/\/grupoazulae.com\/it\/wp-json\/wp\/v2\/pages"}],"about":[{"href":"https:\/\/grupoazulae.com\/it\/wp-json\/wp\/v2\/types\/page"}],"author":[{"embeddable":true,"href":"https:\/\/grupoazulae.com\/it\/wp-json\/wp\/v2\/users\/1"}],"replies":[{"embeddable":true,"href":"https:\/\/grupoazulae.com\/it\/wp-json\/wp\/v2\/comments?post=3809"}],"version-history":[{"count":0,"href":"https:\/\/grupoazulae.com\/it\/wp-json\/wp\/v2\/pages\/3809\/revisions"}],"wp:attachment":[{"href":"https:\/\/grupoazulae.com\/it\/wp-json\/wp\/v2\/media?parent=3809"}],"curies":[{"name":"wp","href":"https:\/\/api.w.org\/{rel}","templated":true}]}}