{"id":4906,"date":"2022-04-28T11:31:15","date_gmt":"2022-04-28T11:31:15","guid":{"rendered":"https:\/\/grupoazulae.com\/?page_id=4906"},"modified":"2022-04-28T14:29:29","modified_gmt":"2022-04-28T14:29:29","slug":"implementazione-di-soluzioni-di-telelavoro-e-imprenditorialita-digitale","status":"publish","type":"page","link":"https:\/\/grupoazulae.com\/it\/implementazione-di-soluzioni-di-telelavoro-e-imprenditorialita-digitale\/","title":{"rendered":"Implementazione di soluzioni di telelavoro e imprenditorialit\u00e0 digitale"},"content":{"rendered":"<div class=\"wpb-content-wrapper\"><div class=\"vc_row wpb_row vc_row-fluid vc_custom_1651149262009\"><div class=\"wpb_column vc_column_container vc_col-sm-12\"><div class=\"vc_column-inner\"><div class=\"wpb_wrapper\">\n\t<div class=\"wpb_text_column wpb_content_element\" >\n\t\t<div class=\"wpb_wrapper\">\n\t\t\t<h4 style=\"line-height: 56px;\"><strong>DESCRIZIONE DELL&#039;OPERAZIONE:<\/strong><\/h4>\n<p>Saranno attivate linee di supporto per promuovere servizi ICT avanzati attraverso l\u2019applicazione di conoscenze e nuove tecniche nel campo dell\u2019innovazione aziendale. Ci\u00f2 consentir\u00e0 l&#039;implementazione di strumenti pensati per facilitare il telelavoro e potenziare l&#039;imprenditorialit\u00e0 digitale nelle aziende della Comunit\u00e0 autonoma dell&#039;Estremadura. L&#039;obiettivo principale \u00e8 quello di migliorare la produttivit\u00e0 e la competitivit\u00e0 delle aziende attraverso l&#039;uso delle tecnologie digitali, nonch\u00e9 di offrire alternative di lavoro diverse dal tradizionale lavoro in presenza, rafforzandone e promuovendone cos\u00ec la crescita.<\/p>\n<p>Saranno stabilite due linee d\u2019azione:<\/p>\n<ol>\n<li>Promuovere il telelavoro: connettivit\u00e0 e Cloud Office.<\/li>\n<li>Stimolare l&#039;imprenditorialit\u00e0 digitale.<\/li>\n<\/ol>\n\n\t\t<\/div>\n\t<\/div>\n\n\t<div class=\"wpb_text_column wpb_content_element\" >\n\t\t<div class=\"wpb_wrapper\">\n\t\t\t<h4 style=\"line-height: 56px;\"><strong>DESCRIZIONE DEL PROGETTO:<\/strong><\/h4>\n<p>Utilizzo di apparecchiature informatiche per l&#039;elaborazione blockchain per studiare la fattibilit\u00e0 dell&#039;impiego dell&#039;energia solare per l&#039;elaborazione blockchain nei suoi vari campi.<\/p>\n\n\t\t<\/div>\n\t<\/div>\n<\/div><\/div><\/div><\/div><div class=\"vc_row wpb_row vc_row-fluid vc_custom_1651156160018 vc_column-gap-30\"><div class=\"wpb_column vc_column_container vc_col-sm-7 vc_col-has-fill\"><div class=\"vc_column-inner vc_custom_1651149091748\"><div class=\"wpb_wrapper\">\n\t<div class=\"wpb_text_column wpb_content_element\" >\n\t\t<div class=\"wpb_wrapper\">\n\t\t\t<h4 style=\"line-height: 56px;\"><strong>OBIETTIVI:<\/strong><\/h4>\n<p>Crediamo che con lo sviluppo di questa soluzione tecnologica potremo creare un prodotto che potr\u00e0 essere venduto non solo alle aziende ma anche ai privati. Un prodotto creato interamente in Estremadura da un&#039;azienda con sede in Estremadura che, insieme agli sforzi di vendita, pubblicit\u00e0 e marketing della nostra azienda, pu\u00f2 non solo portarci vantaggi economici, ma anche posizionarci in una posizione rilevante e distintiva tra le aziende del nostro settore, non solo a livello regionale ma anche nazionale.<\/p>\n\n\t\t<\/div>\n\t<\/div>\n\n\t<div class=\"wpb_text_column wpb_content_element\" >\n\t\t<div class=\"wpb_wrapper\">\n\t\t\t<h6 style=\"line-height: 42px;\"><strong>BASE NORMATIVA: <\/strong>Ordinanza del 9 settembre 2020.<\/h6>\n<h6 style=\"line-height: 42px;\"><strong>BILANCIO:\u00a0<\/strong>7.564,00\u20ac \u20ac.<\/h6>\n<h6 style=\"line-height: 42px;\"><strong>AIUTO RICEVUTO: <\/strong>6.000,00 \u20ac.<\/h6>\n<h6 style=\"line-height: 42px;\"><strong>SFONDO: <\/strong>Fondo europeo di sviluppo regionale (FESR).<\/h6>\n\n\t\t<\/div>\n\t<\/div>\n<\/div><\/div><\/div><div class=\"wpb_column vc_column_container vc_col-sm-5\"><div class=\"vc_column-inner\"><div class=\"wpb_wrapper\">\n\t<div class=\"wpb_text_column wpb_content_element\" >\n\t\t<div class=\"wpb_wrapper\">\n\t\t\t<h4 style=\"line-height: 56px;\"><strong>RISULTATI ATTESI:<\/strong><\/h4>\n<p>Aumentare le vendite, ampliare la base clienti e portare l&#039;azienda a raggiungere lo status di azienda tecnologica a livello regionale e nazionale.<\/p>\n\n\t\t<\/div>\n\t<\/div>\n\n\t<div  class=\"wpb_single_image wpb_content_element vc_align_left wpb_content_element\">\n\t\t\n\t\t<figure class=\"wpb_wrapper vc_figure\">\n\t\t\t<div class=\"vc_single_image-wrapper   vc_box_border_grey\"><img loading=\"lazy\" decoding=\"async\" width=\"665\" height=\"81\" src=\"https:\/\/grupoazulae.com\/wp-content\/uploads\/2022\/04\/logo-ag-juntaex.png\" class=\"vc_single_image-img attachment-full\" alt=\"\" title=\"logo-ag-giunta-ex\" srcset=\"https:\/\/grupoazulae.com\/wp-content\/uploads\/2022\/04\/logo-ag-juntaex.png 665w, https:\/\/grupoazulae.com\/wp-content\/uploads\/2022\/04\/logo-ag-juntaex-300x37.png 300w\" sizes=\"auto, 100vw\" \/><\/div>\n\t\t<\/figure>\n\t<\/div>\n<\/div><\/div><\/div><\/div>\n<\/div>","protected":false},"excerpt":{"rendered":"DESCRIPCI\u00d3N DE LA OPERACI\u00d3N: Se pondr\u00e1n en marcha l\u00edneas de ayuda para el fomento de los servicios avanzados en materia TIC, mediante la aplicaci\u00f3n de conocimiento y nuevas t\u00e9cnicas en el \u00e1mbito de la innovaci\u00f3n empresarial que permitan la implantaci\u00f3n de herramientas destinadas a facilitar el desempe\u00f1o del teletrabajo y den un impulso al emprendimiento [...]","protected":false},"author":1,"featured_media":0,"parent":0,"menu_order":0,"comment_status":"closed","ping_status":"closed","template":"full-page.php","meta":{"inline_featured_image":false,"footnotes":""},"class_list":["post-4906","page","type-page","status-publish","hentry"],"yoast_head":"<!-- This site is optimized with the Yoast SEO plugin v26.6 - https:\/\/yoast.com\/wordpress\/plugins\/seo\/ -->\n<title>Implantaci\u00f3n de soluciones de teletrabajo y emprendimiento digital - Grupo Azulae<\/title>\n<meta name=\"description\" content=\"Implantaci\u00f3n de soluciones de teletrabajo y emprendimiento digital - Grupo Azulae\" \/>\n<meta name=\"robots\" content=\"index, follow, max-snippet:-1, max-image-preview:large, max-video-preview:-1\" \/>\n<link rel=\"canonical\" href=\"https:\/\/grupoazulae.com\/it\/implementazione-di-soluzioni-di-telelavoro-e-imprenditorialita-digitale\/\" \/>\n<meta property=\"og:locale\" content=\"it_IT\" \/>\n<meta property=\"og:type\" content=\"article\" \/>\n<meta property=\"og:title\" content=\"Implantaci\u00f3n de soluciones de teletrabajo y emprendimiento digital - Grupo Azulae\" \/>\n<meta property=\"og:description\" content=\"Implantaci\u00f3n de soluciones de teletrabajo y emprendimiento digital - Grupo Azulae\" \/>\n<meta property=\"og:url\" content=\"https:\/\/grupoazulae.com\/it\/implementazione-di-soluzioni-di-telelavoro-e-imprenditorialita-digitale\/\" \/>\n<meta property=\"og:site_name\" content=\"Grupo Azulae\" \/>\n<meta property=\"article:publisher\" content=\"https:\/\/www.facebook.com\/grupoazulae\/\" \/>\n<meta property=\"article:modified_time\" content=\"2022-04-28T14:29:29+00:00\" \/>\n<meta name=\"twitter:card\" content=\"summary_large_image\" \/>\n<meta name=\"twitter:site\" content=\"@GrupoAzulae\" \/>\n<meta name=\"twitter:label1\" content=\"Tempo di lettura stimato\" \/>\n\t<meta name=\"twitter:data1\" content=\"2 minuti\" \/>\n<script type=\"application\/ld+json\" class=\"yoast-schema-graph\">{\"@context\":\"https:\/\/schema.org\",\"@graph\":[{\"@type\":\"WebPage\",\"@id\":\"https:\/\/grupoazulae.com\/implantacion-de-soluciones-de-teletrabajo-y-emprendimiento-digital\/\",\"url\":\"https:\/\/grupoazulae.com\/implantacion-de-soluciones-de-teletrabajo-y-emprendimiento-digital\/\",\"name\":\"Implantaci\u00f3n de soluciones de teletrabajo y emprendimiento digital - Grupo Azulae\",\"isPartOf\":{\"@id\":\"https:\/\/grupoazulae.com\/#website\"},\"datePublished\":\"2022-04-28T11:31:15+00:00\",\"dateModified\":\"2022-04-28T14:29:29+00:00\",\"description\":\"Implantaci\u00f3n de soluciones de teletrabajo y emprendimiento digital - Grupo Azulae\",\"breadcrumb\":{\"@id\":\"https:\/\/grupoazulae.com\/implantacion-de-soluciones-de-teletrabajo-y-emprendimiento-digital\/#breadcrumb\"},\"inLanguage\":\"it-IT\",\"potentialAction\":[{\"@type\":\"ReadAction\",\"target\":[\"https:\/\/grupoazulae.com\/implantacion-de-soluciones-de-teletrabajo-y-emprendimiento-digital\/\"]}]},{\"@type\":\"BreadcrumbList\",\"@id\":\"https:\/\/grupoazulae.com\/implantacion-de-soluciones-de-teletrabajo-y-emprendimiento-digital\/#breadcrumb\",\"itemListElement\":[{\"@type\":\"ListItem\",\"position\":1,\"name\":\"Portada\",\"item\":\"https:\/\/grupoazulae.com\/\"},{\"@type\":\"ListItem\",\"position\":2,\"name\":\"Implantaci\u00f3n de soluciones de teletrabajo y emprendimiento digital\"}]},{\"@type\":\"WebSite\",\"@id\":\"https:\/\/grupoazulae.com\/#website\",\"url\":\"https:\/\/grupoazulae.com\/\",\"name\":\"Grupo Azulae\",\"description\":\"Loving Tech\",\"publisher\":{\"@id\":\"https:\/\/grupoazulae.com\/#organization\"},\"potentialAction\":[{\"@type\":\"SearchAction\",\"target\":{\"@type\":\"EntryPoint\",\"urlTemplate\":\"https:\/\/grupoazulae.com\/?s={search_term_string}\"},\"query-input\":{\"@type\":\"PropertyValueSpecification\",\"valueRequired\":true,\"valueName\":\"search_term_string\"}}],\"inLanguage\":\"it-IT\"},{\"@type\":\"Organization\",\"@id\":\"https:\/\/grupoazulae.com\/#organization\",\"name\":\"Grupo Azulae\",\"url\":\"https:\/\/grupoazulae.com\/\",\"logo\":{\"@type\":\"ImageObject\",\"inLanguage\":\"it-IT\",\"@id\":\"https:\/\/grupoazulae.com\/#\/schema\/logo\/image\/\",\"url\":\"https:\/\/grupoazulae.com\/wp-content\/uploads\/2020\/01\/logohead2.png\",\"contentUrl\":\"https:\/\/grupoazulae.com\/wp-content\/uploads\/2020\/01\/logohead2.png\",\"width\":600,\"height\":254,\"caption\":\"Grupo Azulae\"},\"image\":{\"@id\":\"https:\/\/grupoazulae.com\/#\/schema\/logo\/image\/\"},\"sameAs\":[\"https:\/\/www.facebook.com\/grupoazulae\/\",\"https:\/\/x.com\/GrupoAzulae\",\"https:\/\/www.linkedin.com\/company\/azulae\/\"]}]}<\/script>\n<!-- \/ Yoast SEO plugin. -->","yoast_head_json":{"title":"Implementazione di soluzioni di telelavoro e imprenditorialit\u00e0 digitale - Azulae Group","description":"Implementazione di soluzioni di telelavoro e imprenditorialit\u00e0 digitale - Azulae Group","robots":{"index":"index","follow":"follow","max-snippet":"max-snippet:-1","max-image-preview":"max-image-preview:large","max-video-preview":"max-video-preview:-1"},"canonical":"https:\/\/grupoazulae.com\/it\/implementazione-di-soluzioni-di-telelavoro-e-imprenditorialita-digitale\/","og_locale":"it_IT","og_type":"article","og_title":"Implantaci\u00f3n de soluciones de teletrabajo y emprendimiento digital - Grupo Azulae","og_description":"Implantaci\u00f3n de soluciones de teletrabajo y emprendimiento digital - Grupo Azulae","og_url":"https:\/\/grupoazulae.com\/it\/implementazione-di-soluzioni-di-telelavoro-e-imprenditorialita-digitale\/","og_site_name":"Grupo Azulae","article_publisher":"https:\/\/www.facebook.com\/grupoazulae\/","article_modified_time":"2022-04-28T14:29:29+00:00","twitter_card":"summary_large_image","twitter_site":"@GrupoAzulae","twitter_misc":{"Tempo di lettura stimato":"2 minuti"},"schema":{"@context":"https:\/\/schema.org","@graph":[{"@type":"WebPage","@id":"https:\/\/grupoazulae.com\/implantacion-de-soluciones-de-teletrabajo-y-emprendimiento-digital\/","url":"https:\/\/grupoazulae.com\/implantacion-de-soluciones-de-teletrabajo-y-emprendimiento-digital\/","name":"Implementazione di soluzioni di telelavoro e imprenditorialit\u00e0 digitale - Azulae Group","isPartOf":{"@id":"https:\/\/grupoazulae.com\/#website"},"datePublished":"2022-04-28T11:31:15+00:00","dateModified":"2022-04-28T14:29:29+00:00","description":"Implementazione di soluzioni di telelavoro e imprenditorialit\u00e0 digitale - Azulae Group","breadcrumb":{"@id":"https:\/\/grupoazulae.com\/implantacion-de-soluciones-de-teletrabajo-y-emprendimiento-digital\/#breadcrumb"},"inLanguage":"it-IT","potentialAction":[{"@type":"ReadAction","target":["https:\/\/grupoazulae.com\/implantacion-de-soluciones-de-teletrabajo-y-emprendimiento-digital\/"]}]},{"@type":"BreadcrumbList","@id":"https:\/\/grupoazulae.com\/implantacion-de-soluciones-de-teletrabajo-y-emprendimiento-digital\/#breadcrumb","itemListElement":[{"@type":"ListItem","position":1,"name":"Portada","item":"https:\/\/grupoazulae.com\/"},{"@type":"ListItem","position":2,"name":"Implantaci\u00f3n de soluciones de teletrabajo y emprendimiento digital"}]},{"@type":"WebSite","@id":"https:\/\/grupoazulae.com\/#website","url":"https:\/\/grupoazulae.com\/","name":"Gruppo Azulae","description":"Amare la tecnologia","publisher":{"@id":"https:\/\/grupoazulae.com\/#organization"},"potentialAction":[{"@type":"SearchAction","target":{"@type":"EntryPoint","urlTemplate":"https:\/\/grupoazulae.com\/?s={search_term_string}"},"query-input":{"@type":"PropertyValueSpecification","valueRequired":true,"valueName":"search_term_string"}}],"inLanguage":"it-IT"},{"@type":"Organization","@id":"https:\/\/grupoazulae.com\/#organization","name":"Gruppo Azulae","url":"https:\/\/grupoazulae.com\/","logo":{"@type":"ImageObject","inLanguage":"it-IT","@id":"https:\/\/grupoazulae.com\/#\/schema\/logo\/image\/","url":"https:\/\/grupoazulae.com\/wp-content\/uploads\/2020\/01\/logohead2.png","contentUrl":"https:\/\/grupoazulae.com\/wp-content\/uploads\/2020\/01\/logohead2.png","width":600,"height":254,"caption":"Grupo Azulae"},"image":{"@id":"https:\/\/grupoazulae.com\/#\/schema\/logo\/image\/"},"sameAs":["https:\/\/www.facebook.com\/grupoazulae\/","https:\/\/x.com\/GrupoAzulae","https:\/\/www.linkedin.com\/company\/azulae\/"]}]}},"_links":{"self":[{"href":"https:\/\/grupoazulae.com\/it\/wp-json\/wp\/v2\/pages\/4906","targetHints":{"allow":["GET"]}}],"collection":[{"href":"https:\/\/grupoazulae.com\/it\/wp-json\/wp\/v2\/pages"}],"about":[{"href":"https:\/\/grupoazulae.com\/it\/wp-json\/wp\/v2\/types\/page"}],"author":[{"embeddable":true,"href":"https:\/\/grupoazulae.com\/it\/wp-json\/wp\/v2\/users\/1"}],"replies":[{"embeddable":true,"href":"https:\/\/grupoazulae.com\/it\/wp-json\/wp\/v2\/comments?post=4906"}],"version-history":[{"count":0,"href":"https:\/\/grupoazulae.com\/it\/wp-json\/wp\/v2\/pages\/4906\/revisions"}],"wp:attachment":[{"href":"https:\/\/grupoazulae.com\/it\/wp-json\/wp\/v2\/media?parent=4906"}],"curies":[{"name":"wp","href":"https:\/\/api.w.org\/{rel}","templated":true}]}}